{"id":1074,"date":"2021-07-30T15:31:29","date_gmt":"2021-07-30T18:31:29","guid":{"rendered":"https:\/\/www.kinaitech.com.ar\/ciberseguridad\/?page_id=1074"},"modified":"2021-07-30T22:52:44","modified_gmt":"2021-07-31T01:52:44","slug":"axur","status":"publish","type":"page","link":"https:\/\/www.kinaitech.com.ar\/ciberseguridad\/axur\/","title":{"rendered":"AXUR"},"content":{"rendered":"\n<h2>Descubra y elimine fraudes y riesgos digitales<br>en la web<\/h2>\n\n\n\n<div class=\"wp-block-columns\">\n<div class=\"wp-block-column\" style=\"flex-basis:33.33%\">\n<p>Utilice todo el potencial de la inteligencia artificial y de los miles de robots de Axur extendidos<br>por toda la web superficial, la deep y dark web. Automatice la detecci\u00f3n y remoci\u00f3n de riesgos<br>digitales que puedan afectar su empresa, marca y clientes.<\/p>\n<\/div>\n\n\n\n<div class=\"wp-block-column\" style=\"flex-basis:66.66%\">\n<div style=\"height:40px\" aria-hidden=\"true\" class=\"wp-block-spacer\"><\/div>\n\n\n\n<div class=\"wp-block-image is-style-default\"><figure class=\"aligncenter size-large\"><a href=\"https:\/\/www.axur.com\"><img loading=\"lazy\" width=\"525\" height=\"91\" src=\"https:\/\/i1.wp.com\/www.kinaitech.com.ar\/ciberseguridad\/wp-content\/uploads\/2021\/06\/LOGO_AXUR_POSITIVO.png?resize=525%2C91&#038;ssl=1\" alt=\"Axur\" class=\"wp-image-1057\" srcset=\"https:\/\/i1.wp.com\/www.kinaitech.com.ar\/ciberseguridad\/wp-content\/uploads\/2021\/06\/LOGO_AXUR_POSITIVO.png?w=525&amp;ssl=1 525w, https:\/\/i1.wp.com\/www.kinaitech.com.ar\/ciberseguridad\/wp-content\/uploads\/2021\/06\/LOGO_AXUR_POSITIVO.png?resize=300%2C52&amp;ssl=1 300w\" sizes=\"(max-width: 525px) 100vw, 525px\" data-recalc-dims=\"1\" \/><\/a><\/figure><\/div>\n\n\n\n<div style=\"height:60px\" aria-hidden=\"true\" class=\"wp-block-spacer\"><\/div>\n<\/div>\n<\/div>\n\n\n\n<h2 class=\"has-text-align-center\">Encuentre riesgos en tiempo real con Axur y reaccione con rapidez<\/h2>\n\n\n\n<div style=\"height:25px\" aria-hidden=\"true\" class=\"wp-block-spacer\"><\/div>\n\n\n\n<div class=\"wp-block-columns\">\n<div class=\"wp-block-column\">\n<div class=\"wp-block-group padding30 sombra808080 has-background\" style=\"background-color:#eeeeee\"><div class=\"wp-block-group__inner-container\">\n<div class=\"wp-block-uagb-info-box padding30 uagb-infobox__outer-wrap uagb-block-6ef14bb1\"><div class=\"uagb-infobox__content-wrap uagb-infobox uagb-infobox-has-icon uagb-infobox-icon-below-title uagb-infobox-image-valign-top uagb-infobox-enable-border-radius \"><div class=\"uagb-ifb-left-right-wrap\"><div class=\"uagb-ifb-content\"><div class=\"uagb-ifb-title-wrap\"><span class=\"uagb-ifb-title-prefix\"><strong>Descubra todo tipo de filtraciones de datos<\/strong><\/span><h3 class=\"uagb-ifb-title\">FILTRACI\u00d3N DE DATOS<\/h3><\/div><div class=\"uagb-ifb-separator-parent\"><div class=\"uagb-ifb-separator\"><\/div><\/div><div class=\"uagb-ifb-text-wrap\"><p class=\"uagb-ifb-desc\">Reciba alertas de filtraciones de credenciales, logins y contrase\u00f1as corporativas o de clientes, tarjetas de cr\u00e9dito, datos de su base de consumidores y documentos internos.<br><br><\/p><\/div><\/div><\/div><\/div><\/div>\n<\/div><\/div>\n<\/div>\n\n\n\n<div class=\"wp-block-column\">\n<div class=\"wp-block-group sombra808080 padding30 has-background\" style=\"background-color:#eeeeee\"><div class=\"wp-block-group__inner-container\">\n<div class=\"wp-block-uagb-info-box padding30 uagb-infobox__outer-wrap uagb-block-27f692d1\"><div class=\"uagb-infobox__content-wrap uagb-infobox uagb-infobox-has-icon uagb-infobox-icon-below-title uagb-infobox-image-valign-top uagb-infobox-enable-border-radius \"><div class=\"uagb-ifb-left-right-wrap\"><div class=\"uagb-ifb-content\"><div class=\"uagb-ifb-title-wrap\"><span class=\"uagb-ifb-title-prefix\"><strong>Detecte y elimine fraudes digitales<\/strong><\/span><h3 class=\"uagb-ifb-title\">FRAUDES DIGITALES<\/h3><\/div><div class=\"uagb-ifb-separator-parent\"><div class=\"uagb-ifb-separator\"><\/div><\/div><div class=\"uagb-ifb-text-wrap\"><p class=\"uagb-ifb-desc\">Evite fraudes incluso antes de que ocurran. Realice el monitoreo de ataques de phishing, malwares y el uso de pharming. Detecte cuentas robadas, as\u00ed como vouchers y cupones falsos.<\/p><\/div><\/div><\/div><\/div><\/div>\n<\/div><\/div>\n<\/div>\n\n\n\n<div class=\"wp-block-column\">\n<div class=\"wp-block-group padding30 sombra808080 has-background\" style=\"background-color:#eeeeee\"><div class=\"wp-block-group__inner-container\">\n<div class=\"wp-block-uagb-info-box padding30 uagb-infobox__outer-wrap uagb-block-68780749\"><div class=\"uagb-infobox__content-wrap uagb-infobox uagb-infobox-has-icon uagb-infobox-icon-below-title uagb-infobox-image-valign-top uagb-infobox-enable-border-radius \"><div class=\"uagb-ifb-left-right-wrap\"><div class=\"uagb-ifb-content\"><div class=\"uagb-ifb-title-wrap\"><span class=\"uagb-ifb-title-prefix\"><strong>Encuentre y elimine el uso indebido de su marca<\/strong><\/span><h3 class=\"uagb-ifb-title\">PRESENCIA DIGITAL DE MARCA<\/h3><\/div><div class=\"uagb-ifb-separator-parent\"><div class=\"uagb-ifb-separator\"><\/div><\/div><div class=\"uagb-ifb-text-wrap\"><p class=\"uagb-ifb-desc\">Identifique perfiles falsos y fanpages fakes en las redes sociales. Retire del aire apps falsas y anuncios pagos ilegales. Descubra dominios similares que utilizan su marca.<\/p><\/div><\/div><\/div><\/div><\/div>\n<\/div><\/div>\n\n\n\n<p><\/p>\n<\/div>\n<\/div>\n\n\n\n<div style=\"height:40px\" aria-hidden=\"true\" class=\"wp-block-spacer\"><\/div>\n\n\n\n<div class=\"wp-block-image\"><figure class=\"aligncenter size-full is-resized\"><img loading=\"lazy\" src=\"https:\/\/i1.wp.com\/www.kinaitech.com.ar\/ciberseguridad\/wp-content\/uploads\/2021\/06\/Axur-01.png?resize=562%2C415&#038;ssl=1\" alt=\"\" class=\"wp-image-1058\" width=\"562\" height=\"415\" srcset=\"https:\/\/i1.wp.com\/www.kinaitech.com.ar\/ciberseguridad\/wp-content\/uploads\/2021\/06\/Axur-01.png?w=1124&amp;ssl=1 1124w, https:\/\/i1.wp.com\/www.kinaitech.com.ar\/ciberseguridad\/wp-content\/uploads\/2021\/06\/Axur-01.png?resize=300%2C222&amp;ssl=1 300w, https:\/\/i1.wp.com\/www.kinaitech.com.ar\/ciberseguridad\/wp-content\/uploads\/2021\/06\/Axur-01.png?resize=1024%2C756&amp;ssl=1 1024w, https:\/\/i1.wp.com\/www.kinaitech.com.ar\/ciberseguridad\/wp-content\/uploads\/2021\/06\/Axur-01.png?resize=768%2C567&amp;ssl=1 768w\" sizes=\"(max-width: 562px) 100vw, 562px\" data-recalc-dims=\"1\" \/><\/figure><\/div>\n\n\n\n<div style=\"height:40px\" aria-hidden=\"true\" class=\"wp-block-spacer\"><\/div>\n\n\n\n<div class=\"wp-block-columns\">\n<div class=\"wp-block-column\">\n<div class=\"wp-block-group sombra808080 padding30 has-background\" style=\"background-color:#eeeeee\"><div class=\"wp-block-group__inner-container\">\n<div class=\"wp-block-uagb-info-box padding30 uagb-infobox__outer-wrap uagb-block-ea953c7b\"><div class=\"uagb-infobox__content-wrap uagb-infobox uagb-infobox-has-icon uagb-infobox-icon-below-title uagb-infobox-image-valign-top uagb-infobox-enable-border-radius \"><div class=\"uagb-ifb-left-right-wrap\"><div class=\"uagb-ifb-content\"><div class=\"uagb-ifb-title-wrap\"><span class=\"uagb-ifb-title-prefix\"><strong>Elimine ventas piratas o no autorizadas<\/strong><\/span><h3 class=\"uagb-ifb-title\">VENTAS ABUSIVAS EN L\u00cdNEA<\/h3><\/div><div class=\"uagb-ifb-separator-parent\"><div class=\"uagb-ifb-separator\"><\/div><\/div><div class=\"uagb-ifb-text-wrap\"><p class=\"uagb-ifb-desc\">Elimine de la internet los anuncios y ventas ilegales de sus productos. Detecte los anuncios no<br>autorizados que perjudican su facturaci\u00f3n y retire del aire toda la pirater\u00eda que da\u00f1e su marca.<br><br><\/p><\/div><\/div><\/div><\/div><\/div>\n<\/div><\/div>\n\n\n\n<div class=\"wp-block-group\"><div class=\"wp-block-group__inner-container\"><\/div><\/div>\n<\/div>\n\n\n\n<div class=\"wp-block-column\">\n<div class=\"wp-block-group padding30 sombra808080 has-background\" style=\"background-color:#eeeeee\"><div class=\"wp-block-group__inner-container\">\n<div class=\"wp-block-uagb-info-box padding30 uagb-infobox__outer-wrap uagb-block-e71181b2\"><div class=\"uagb-infobox__content-wrap uagb-infobox uagb-infobox-has-icon uagb-infobox-icon-below-title uagb-infobox-image-valign-top uagb-infobox-enable-border-radius \"><div class=\"uagb-ifb-left-right-wrap\"><div class=\"uagb-ifb-content\"><div class=\"uagb-ifb-title-wrap\"><span class=\"uagb-ifb-title-prefix\"><strong>Proteja sus ejecutivos y personas VIP<\/strong><\/span><h3 class=\"uagb-ifb-title\">AMENAZAS A EJECUTIVOS<\/h3><\/div><div class=\"uagb-ifb-separator-parent\"><div class=\"uagb-ifb-separator\"><\/div><\/div><div class=\"uagb-ifb-text-wrap\"><p class=\"uagb-ifb-desc\">Descubra y elimine personificaciones de sus ejecutivos en redes sociales y profesionales.<br>Encuentre datos sensibles expuestos e identifique ataques a ejecutivos o personas VIP.<br><br><\/p><\/div><\/div><\/div><\/div><\/div>\n<\/div><\/div>\n<\/div>\n\n\n\n<div class=\"wp-block-column\">\n<div class=\"wp-block-group padding30 sombra808080 has-background\" style=\"background-color:#eeeeee\"><div class=\"wp-block-group__inner-container\">\n<div class=\"wp-block-uagb-info-box padding30 uagb-infobox__outer-wrap uagb-block-81d18466\"><div class=\"uagb-infobox__content-wrap uagb-infobox uagb-infobox-has-icon uagb-infobox-icon-below-title uagb-infobox-image-valign-top uagb-infobox-enable-border-radius \"><div class=\"uagb-ifb-left-right-wrap\"><div class=\"uagb-ifb-content\"><div class=\"uagb-ifb-title-wrap\"><span class=\"uagb-ifb-title-prefix\"><strong>Adquiera control sobre la deep y dark web<\/strong><\/span><h3 class=\"uagb-ifb-title\">THREAT INTELLIGENCE<\/h3><\/div><div class=\"uagb-ifb-separator-parent\"><div class=\"uagb-ifb-separator\"><\/div><\/div><div class=\"uagb-ifb-text-wrap\"><p class=\"uagb-ifb-desc\">Visualice las menciones de su marca y ejecutivos de su empresa en las comunidades<br>privadas de hackers. Descubra nuevas t\u00e9cnicas, herramientas, golpes y ataques dirigidos a su marca.<br><br><\/p><\/div><\/div><\/div><\/div><\/div>\n<\/div><\/div>\n<\/div>\n<\/div>\n\n\n\n<div style=\"height:100px\" aria-hidden=\"true\" class=\"wp-block-spacer\"><\/div>\n\n\n\n<h3>Gane visi\u00f3n con Axur sobre lo que sucede m\u00e1s all\u00e1 de su per\u00edmetro<\/h3>\n\n\n\n<div class=\"wp-block-image paddingder60\"><figure class=\"alignright size-large is-resized\"><img loading=\"lazy\" src=\"https:\/\/i2.wp.com\/www.kinaitech.com.ar\/ciberseguridad\/wp-content\/uploads\/2021\/06\/Axur-02-1024x688.png?resize=256%2C172&#038;ssl=1\" alt=\"\" class=\"wp-image-1059\" width=\"256\" height=\"172\" srcset=\"https:\/\/i2.wp.com\/www.kinaitech.com.ar\/ciberseguridad\/wp-content\/uploads\/2021\/06\/Axur-02.png?resize=1024%2C688&amp;ssl=1 1024w, https:\/\/i2.wp.com\/www.kinaitech.com.ar\/ciberseguridad\/wp-content\/uploads\/2021\/06\/Axur-02.png?resize=300%2C202&amp;ssl=1 300w, https:\/\/i2.wp.com\/www.kinaitech.com.ar\/ciberseguridad\/wp-content\/uploads\/2021\/06\/Axur-02.png?resize=768%2C516&amp;ssl=1 768w, https:\/\/i2.wp.com\/www.kinaitech.com.ar\/ciberseguridad\/wp-content\/uploads\/2021\/06\/Axur-02.png?resize=1536%2C1032&amp;ssl=1 1536w, https:\/\/i2.wp.com\/www.kinaitech.com.ar\/ciberseguridad\/wp-content\/uploads\/2021\/06\/Axur-02.png?w=1826&amp;ssl=1 1826w\" sizes=\"(max-width: 256px) 100vw, 256px\" data-recalc-dims=\"1\" \/><\/figure><\/div>\n\n\n\n<div class=\"wp-block-group\"><div class=\"wp-block-group__inner-container\">\n<p>\u25cf <strong>Web Superficial<\/strong><br>Monitoree su marca o palabras claves en el 100% de las p\u00e1ginas por las que sus clientes navegan,<br>incluyendo las redes sociales.<\/p>\n\n\n\n<p>\u25cf<strong> Deep Web<\/strong><br>Encuentre p\u00e1ginas no indexadas, contenidos escondidos, mensajes y URL secretas que<br>puedan alojar ataques que involucren a su marca o clientes.<br><\/p>\n\n\n\n<p>\u25cf <strong>Dark Web<\/strong><br>Descubra si su marca est\u00e1 siendo usada por delincuentes virtuales en comunidades<br>restringidas, chats privados y en darknets. Consiga entender lo que planifican y antic\u00edpese.<\/p>\n<\/div><\/div>\n\n\n\n<div style=\"height:100px\" aria-hidden=\"true\" class=\"wp-block-spacer\"><\/div>\n\n\n\n<h3>M\u00e1s automatizaci\u00f3n, menos complicaciones<\/h3>\n\n\n\n<div class=\"wp-block-image paddingder60\"><figure class=\"alignright size-full is-resized\"><img loading=\"lazy\" src=\"https:\/\/i1.wp.com\/www.kinaitech.com.ar\/ciberseguridad\/wp-content\/uploads\/2021\/06\/Axur-03.jpg?resize=282%2C209&#038;ssl=1\" alt=\"AXUR - M\u00e1s automatizaci\u00f3n, menos complicaciones.\" class=\"wp-image-1061\" width=\"282\" height=\"209\" srcset=\"https:\/\/i1.wp.com\/www.kinaitech.com.ar\/ciberseguridad\/wp-content\/uploads\/2021\/06\/Axur-03.jpg?w=1128&amp;ssl=1 1128w, https:\/\/i1.wp.com\/www.kinaitech.com.ar\/ciberseguridad\/wp-content\/uploads\/2021\/06\/Axur-03.jpg?resize=300%2C222&amp;ssl=1 300w, https:\/\/i1.wp.com\/www.kinaitech.com.ar\/ciberseguridad\/wp-content\/uploads\/2021\/06\/Axur-03.jpg?resize=1024%2C757&amp;ssl=1 1024w, https:\/\/i1.wp.com\/www.kinaitech.com.ar\/ciberseguridad\/wp-content\/uploads\/2021\/06\/Axur-03.jpg?resize=768%2C568&amp;ssl=1 768w\" sizes=\"(max-width: 282px) 100vw, 282px\" data-recalc-dims=\"1\" \/><\/figure><\/div>\n\n\n\n<p>Configure automatizaciones de acuerdo con sus necesidades y permita que nuestra tecnolog\u00eda analice y elimine las amenazas digitales por usted.<\/p>\n\n\n\n<p>Cree safelist para campa\u00f1as de marketing y socios de negocio autorizados. Si prefiere, trate cada incidente de manera manual, de acuerdo con sus est\u00e1ndares internos.<\/p>\n\n\n\n<div style=\"height:20px\" aria-hidden=\"true\" class=\"wp-block-spacer\"><\/div>\n\n\n\n<div class=\"wp-block-image\"><figure class=\"alignleft size-full is-resized\"><img loading=\"lazy\" src=\"https:\/\/i0.wp.com\/www.kinaitech.com.ar\/ciberseguridad\/wp-content\/uploads\/2021\/06\/Axur-04.png?resize=256%2C182&#038;ssl=1\" alt=\"\" class=\"wp-image-1060\" width=\"256\" height=\"182\" srcset=\"https:\/\/i0.wp.com\/www.kinaitech.com.ar\/ciberseguridad\/wp-content\/uploads\/2021\/06\/Axur-04.png?w=1024&amp;ssl=1 1024w, https:\/\/i0.wp.com\/www.kinaitech.com.ar\/ciberseguridad\/wp-content\/uploads\/2021\/06\/Axur-04.png?resize=300%2C213&amp;ssl=1 300w, https:\/\/i0.wp.com\/www.kinaitech.com.ar\/ciberseguridad\/wp-content\/uploads\/2021\/06\/Axur-04.png?resize=768%2C546&amp;ssl=1 768w\" sizes=\"(max-width: 256px) 100vw, 256px\" data-recalc-dims=\"1\" \/><\/figure><\/div>\n\n\n\n<h3 class=\"has-text-align-right\">Obtenga claridad sobre datos y resultados<\/h3>\n\n\n\n<p class=\"has-text-align-right\">Centraliza su visi\u00f3n sobre lo que sucede en el per\u00edmetro externo. Visualice los incidentes, amenazas, takedowns y evidencias fundamentales para el an\u00e1lisis de resultados mediante dashboards y listas inteligentes.<\/p>\n\n\n\n<div style=\"height:15px\" aria-hidden=\"true\" class=\"wp-block-spacer\"><\/div>\n\n\n\n<h3>Genere eficiencia integrando herramientas que ya usa<\/h3>\n\n\n\n<div class=\"wp-block-image paddingder60\"><figure class=\"alignright size-full is-resized\"><img loading=\"lazy\" src=\"https:\/\/i2.wp.com\/www.kinaitech.com.ar\/ciberseguridad\/wp-content\/uploads\/2021\/06\/Axur-05.png?resize=272%2C130&#038;ssl=1\" alt=\"AXUR - Genere eficiencia integrando herramientas que ya usa.\" class=\"wp-image-1062\" width=\"272\" height=\"130\" srcset=\"https:\/\/i2.wp.com\/www.kinaitech.com.ar\/ciberseguridad\/wp-content\/uploads\/2021\/06\/Axur-05.png?w=1088&amp;ssl=1 1088w, https:\/\/i2.wp.com\/www.kinaitech.com.ar\/ciberseguridad\/wp-content\/uploads\/2021\/06\/Axur-05.png?resize=300%2C143&amp;ssl=1 300w, https:\/\/i2.wp.com\/www.kinaitech.com.ar\/ciberseguridad\/wp-content\/uploads\/2021\/06\/Axur-05.png?resize=1024%2C488&amp;ssl=1 1024w, https:\/\/i2.wp.com\/www.kinaitech.com.ar\/ciberseguridad\/wp-content\/uploads\/2021\/06\/Axur-05.png?resize=768%2C366&amp;ssl=1 768w\" sizes=\"(max-width: 272px) 100vw, 272px\" data-recalc-dims=\"1\" \/><\/figure><\/div>\n\n\n\n<p>Aumenta su productividad integrando nuestra plataforma con su SIEM o SOAR preferidos.<br>Personalice alertas y el tratamiento de incidentes de acuerdo con sus playbooks.<\/p>\n\n\n\n<div style=\"height:100px\" aria-hidden=\"true\" class=\"wp-block-spacer\"><\/div>\n\n\n\n<div class=\"wp-block-image\"><figure class=\"aligncenter size-large\"><img loading=\"lazy\" width=\"647\" height=\"144\" src=\"https:\/\/i2.wp.com\/www.kinaitech.com.ar\/ciberseguridad\/wp-content\/uploads\/2021\/06\/AxurCoBranding.png?resize=647%2C144&#038;ssl=1\" alt=\"AXUR | KINAITECH\" class=\"wp-image-1063\" srcset=\"https:\/\/i2.wp.com\/www.kinaitech.com.ar\/ciberseguridad\/wp-content\/uploads\/2021\/06\/AxurCoBranding.png?w=647&amp;ssl=1 647w, https:\/\/i2.wp.com\/www.kinaitech.com.ar\/ciberseguridad\/wp-content\/uploads\/2021\/06\/AxurCoBranding.png?resize=300%2C67&amp;ssl=1 300w\" sizes=\"(max-width: 647px) 100vw, 647px\" data-recalc-dims=\"1\" \/><\/figure><\/div>\n","protected":false},"excerpt":{"rendered":"<p>Descubra y elimine fraudes y riesgos digitalesen la web Utilice todo el potencial de la inteligencia artificial y de los miles de robots de Axur extendidospor toda la web superficial, la deep y dark web. Automatice la detecci\u00f3n y remoci\u00f3n de riesgosdigitales que puedan afectar su empresa, marca y clientes. Encuentre riesgos en tiempo real [&hellip;]<\/p>\n","protected":false},"author":3,"featured_media":1066,"parent":0,"menu_order":0,"comment_status":"closed","ping_status":"closed","template":"","meta":{"spay_email":""},"yoast_head":"<!-- This site is optimized with the Yoast SEO plugin v17.3 - https:\/\/yoast.com\/wordpress\/plugins\/seo\/ -->\n<title>AXUR - KINAITECH | Ciberseguridad<\/title>\n<meta name=\"description\" content=\"Axur le permite descubrir y eliminar fraudes y riesgos digitales en la web que puedan afectar su empresa, marca y clientes.\" \/>\n<meta name=\"robots\" content=\"index, follow, max-snippet:-1, max-image-preview:large, max-video-preview:-1\" \/>\n<link rel=\"canonical\" href=\"https:\/\/www.kinaitech.com.ar\/ciberseguridad\/axur\/\" \/>\n<meta property=\"og:locale\" content=\"es_ES\" \/>\n<meta property=\"og:type\" content=\"article\" \/>\n<meta property=\"og:title\" content=\"AXUR - KINAITECH | Ciberseguridad\" \/>\n<meta property=\"og:description\" content=\"Axur le permite descubrir y eliminar fraudes y riesgos digitales en la web que puedan afectar su empresa, marca y clientes.\" \/>\n<meta property=\"og:url\" content=\"https:\/\/www.kinaitech.com.ar\/ciberseguridad\/axur\/\" \/>\n<meta property=\"og:site_name\" content=\"KINAITECH | Ciberseguridad\" \/>\n<meta property=\"article:modified_time\" content=\"2021-07-31T01:52:44+00:00\" \/>\n<meta property=\"og:image\" content=\"https:\/\/www.kinaitech.com.ar\/ciberseguridad\/wp-content\/uploads\/2021\/06\/AxurFondoNegro.png\" \/>\n\t<meta property=\"og:image:width\" content=\"412\" \/>\n\t<meta property=\"og:image:height\" content=\"221\" \/>\n<meta name=\"twitter:card\" content=\"summary_large_image\" \/>\n<meta name=\"twitter:label1\" content=\"Tiempo de lectura\" \/>\n\t<meta name=\"twitter:data1\" content=\"4 minutos\" \/>\n<script type=\"application\/ld+json\" class=\"yoast-schema-graph\">{\"@context\":\"https:\/\/schema.org\",\"@graph\":[{\"@type\":\"WebSite\",\"@id\":\"https:\/\/www.kinaitech.com.ar\/ciberseguridad\/#website\",\"url\":\"https:\/\/www.kinaitech.com.ar\/ciberseguridad\/\",\"name\":\"KINAITECH | Ciberseguridad\",\"description\":\"Ethical Hacking, Application Security and Trainings through a partner networks across Latin America and Caribbean\",\"potentialAction\":[{\"@type\":\"SearchAction\",\"target\":{\"@type\":\"EntryPoint\",\"urlTemplate\":\"https:\/\/www.kinaitech.com.ar\/ciberseguridad\/?s={search_term_string}\"},\"query-input\":\"required name=search_term_string\"}],\"inLanguage\":\"es\"},{\"@type\":\"ImageObject\",\"@id\":\"https:\/\/www.kinaitech.com.ar\/ciberseguridad\/axur\/#primaryimage\",\"inLanguage\":\"es\",\"url\":\"https:\/\/i0.wp.com\/www.kinaitech.com.ar\/ciberseguridad\/wp-content\/uploads\/2021\/06\/AxurFondoNegro.png?fit=412%2C221&ssl=1\",\"contentUrl\":\"https:\/\/i0.wp.com\/www.kinaitech.com.ar\/ciberseguridad\/wp-content\/uploads\/2021\/06\/AxurFondoNegro.png?fit=412%2C221&ssl=1\",\"width\":412,\"height\":221,\"caption\":\"AXUR\"},{\"@type\":\"WebPage\",\"@id\":\"https:\/\/www.kinaitech.com.ar\/ciberseguridad\/axur\/#webpage\",\"url\":\"https:\/\/www.kinaitech.com.ar\/ciberseguridad\/axur\/\",\"name\":\"AXUR - KINAITECH | Ciberseguridad\",\"isPartOf\":{\"@id\":\"https:\/\/www.kinaitech.com.ar\/ciberseguridad\/#website\"},\"primaryImageOfPage\":{\"@id\":\"https:\/\/www.kinaitech.com.ar\/ciberseguridad\/axur\/#primaryimage\"},\"datePublished\":\"2021-07-30T18:31:29+00:00\",\"dateModified\":\"2021-07-31T01:52:44+00:00\",\"description\":\"Axur le permite descubrir y eliminar fraudes y riesgos digitales en la web que puedan afectar su empresa, marca y clientes.\",\"breadcrumb\":{\"@id\":\"https:\/\/www.kinaitech.com.ar\/ciberseguridad\/axur\/#breadcrumb\"},\"inLanguage\":\"es\",\"potentialAction\":[{\"@type\":\"ReadAction\",\"target\":[\"https:\/\/www.kinaitech.com.ar\/ciberseguridad\/axur\/\"]}]},{\"@type\":\"BreadcrumbList\",\"@id\":\"https:\/\/www.kinaitech.com.ar\/ciberseguridad\/axur\/#breadcrumb\",\"itemListElement\":[{\"@type\":\"ListItem\",\"position\":1,\"name\":\"Home\",\"item\":\"https:\/\/www.kinaitech.com.ar\/ciberseguridad\/\"},{\"@type\":\"ListItem\",\"position\":2,\"name\":\"AXUR\"}]}]}<\/script>\n<!-- \/ Yoast SEO plugin. -->","yoast_head_json":{"title":"AXUR - KINAITECH | Ciberseguridad","description":"Axur le permite descubrir y eliminar fraudes y riesgos digitales en la web que puedan afectar su empresa, marca y clientes.","robots":{"index":"index","follow":"follow","max-snippet":"max-snippet:-1","max-image-preview":"max-image-preview:large","max-video-preview":"max-video-preview:-1"},"canonical":"https:\/\/www.kinaitech.com.ar\/ciberseguridad\/axur\/","og_locale":"es_ES","og_type":"article","og_title":"AXUR - KINAITECH | Ciberseguridad","og_description":"Axur le permite descubrir y eliminar fraudes y riesgos digitales en la web que puedan afectar su empresa, marca y clientes.","og_url":"https:\/\/www.kinaitech.com.ar\/ciberseguridad\/axur\/","og_site_name":"KINAITECH | Ciberseguridad","article_modified_time":"2021-07-31T01:52:44+00:00","og_image":[{"width":412,"height":221,"url":"https:\/\/www.kinaitech.com.ar\/ciberseguridad\/wp-content\/uploads\/2021\/06\/AxurFondoNegro.png","type":"image\/png"}],"twitter_card":"summary_large_image","twitter_misc":{"Tiempo de lectura":"4 minutos"},"schema":{"@context":"https:\/\/schema.org","@graph":[{"@type":"WebSite","@id":"https:\/\/www.kinaitech.com.ar\/ciberseguridad\/#website","url":"https:\/\/www.kinaitech.com.ar\/ciberseguridad\/","name":"KINAITECH | Ciberseguridad","description":"Ethical Hacking, Application Security and Trainings through a partner networks across Latin America and Caribbean","potentialAction":[{"@type":"SearchAction","target":{"@type":"EntryPoint","urlTemplate":"https:\/\/www.kinaitech.com.ar\/ciberseguridad\/?s={search_term_string}"},"query-input":"required name=search_term_string"}],"inLanguage":"es"},{"@type":"ImageObject","@id":"https:\/\/www.kinaitech.com.ar\/ciberseguridad\/axur\/#primaryimage","inLanguage":"es","url":"https:\/\/i0.wp.com\/www.kinaitech.com.ar\/ciberseguridad\/wp-content\/uploads\/2021\/06\/AxurFondoNegro.png?fit=412%2C221&ssl=1","contentUrl":"https:\/\/i0.wp.com\/www.kinaitech.com.ar\/ciberseguridad\/wp-content\/uploads\/2021\/06\/AxurFondoNegro.png?fit=412%2C221&ssl=1","width":412,"height":221,"caption":"AXUR"},{"@type":"WebPage","@id":"https:\/\/www.kinaitech.com.ar\/ciberseguridad\/axur\/#webpage","url":"https:\/\/www.kinaitech.com.ar\/ciberseguridad\/axur\/","name":"AXUR - KINAITECH | Ciberseguridad","isPartOf":{"@id":"https:\/\/www.kinaitech.com.ar\/ciberseguridad\/#website"},"primaryImageOfPage":{"@id":"https:\/\/www.kinaitech.com.ar\/ciberseguridad\/axur\/#primaryimage"},"datePublished":"2021-07-30T18:31:29+00:00","dateModified":"2021-07-31T01:52:44+00:00","description":"Axur le permite descubrir y eliminar fraudes y riesgos digitales en la web que puedan afectar su empresa, marca y clientes.","breadcrumb":{"@id":"https:\/\/www.kinaitech.com.ar\/ciberseguridad\/axur\/#breadcrumb"},"inLanguage":"es","potentialAction":[{"@type":"ReadAction","target":["https:\/\/www.kinaitech.com.ar\/ciberseguridad\/axur\/"]}]},{"@type":"BreadcrumbList","@id":"https:\/\/www.kinaitech.com.ar\/ciberseguridad\/axur\/#breadcrumb","itemListElement":[{"@type":"ListItem","position":1,"name":"Home","item":"https:\/\/www.kinaitech.com.ar\/ciberseguridad\/"},{"@type":"ListItem","position":2,"name":"AXUR"}]}]}},"uagb_featured_image_src":{"full":["https:\/\/i0.wp.com\/www.kinaitech.com.ar\/ciberseguridad\/wp-content\/uploads\/2021\/06\/AxurFondoNegro.png?fit=412%2C221&ssl=1",412,221,false],"thumbnail":["https:\/\/i0.wp.com\/www.kinaitech.com.ar\/ciberseguridad\/wp-content\/uploads\/2021\/06\/AxurFondoNegro.png?resize=150%2C150&ssl=1",150,150,true],"medium":["https:\/\/i0.wp.com\/www.kinaitech.com.ar\/ciberseguridad\/wp-content\/uploads\/2021\/06\/AxurFondoNegro.png?fit=300%2C161&ssl=1",300,161,true],"medium_large":["https:\/\/i0.wp.com\/www.kinaitech.com.ar\/ciberseguridad\/wp-content\/uploads\/2021\/06\/AxurFondoNegro.png?fit=412%2C221&ssl=1",412,221,true],"large":["https:\/\/i0.wp.com\/www.kinaitech.com.ar\/ciberseguridad\/wp-content\/uploads\/2021\/06\/AxurFondoNegro.png?fit=412%2C221&ssl=1",412,221,true],"1536x1536":["https:\/\/i0.wp.com\/www.kinaitech.com.ar\/ciberseguridad\/wp-content\/uploads\/2021\/06\/AxurFondoNegro.png?fit=412%2C221&ssl=1",412,221,true],"2048x2048":["https:\/\/i0.wp.com\/www.kinaitech.com.ar\/ciberseguridad\/wp-content\/uploads\/2021\/06\/AxurFondoNegro.png?fit=412%2C221&ssl=1",412,221,true]},"uagb_author_info":{"display_name":"Andr\u00e9s Kasza","author_link":"https:\/\/www.kinaitech.com.ar\/ciberseguridad\/author\/wp34gs\/"},"uagb_comment_info":0,"uagb_excerpt":"Descubra y elimine fraudes y riesgos digitalesen la web Utilice todo el potencial de la inteligencia artificial y de los miles de robots de Axur extendidospor toda la web superficial, la deep y dark web. Automatice la detecci\u00f3n y remoci\u00f3n de riesgosdigitales que puedan afectar su empresa, marca y clientes. Encuentre riesgos en tiempo real&hellip;","_links":{"self":[{"href":"https:\/\/www.kinaitech.com.ar\/ciberseguridad\/wp-json\/wp\/v2\/pages\/1074"}],"collection":[{"href":"https:\/\/www.kinaitech.com.ar\/ciberseguridad\/wp-json\/wp\/v2\/pages"}],"about":[{"href":"https:\/\/www.kinaitech.com.ar\/ciberseguridad\/wp-json\/wp\/v2\/types\/page"}],"author":[{"embeddable":true,"href":"https:\/\/www.kinaitech.com.ar\/ciberseguridad\/wp-json\/wp\/v2\/users\/3"}],"replies":[{"embeddable":true,"href":"https:\/\/www.kinaitech.com.ar\/ciberseguridad\/wp-json\/wp\/v2\/comments?post=1074"}],"version-history":[{"count":47,"href":"https:\/\/www.kinaitech.com.ar\/ciberseguridad\/wp-json\/wp\/v2\/pages\/1074\/revisions"}],"predecessor-version":[{"id":1152,"href":"https:\/\/www.kinaitech.com.ar\/ciberseguridad\/wp-json\/wp\/v2\/pages\/1074\/revisions\/1152"}],"wp:featuredmedia":[{"embeddable":true,"href":"https:\/\/www.kinaitech.com.ar\/ciberseguridad\/wp-json\/wp\/v2\/media\/1066"}],"wp:attachment":[{"href":"https:\/\/www.kinaitech.com.ar\/ciberseguridad\/wp-json\/wp\/v2\/media?parent=1074"}],"curies":[{"name":"wp","href":"https:\/\/api.w.org\/{rel}","templated":true}]}}