{"id":482,"date":"2020-03-21T15:24:11","date_gmt":"2020-03-21T15:24:11","guid":{"rendered":"http:\/\/www.kinaitech.com.ar\/ciberseguridad\/?page_id=482"},"modified":"2020-10-25T04:15:59","modified_gmt":"2020-10-25T07:15:59","slug":"compliance","status":"publish","type":"page","link":"https:\/\/www.kinaitech.com.ar\/ciberseguridad\/compliance\/","title":{"rendered":"Compliance"},"content":{"rendered":"\n<hr class=\"wp-block-separator\"\/>\n\n\n\n<div class=\"wp-block-media-text alignwide is-stacked-on-mobile is-image-fill\"><figure class=\"wp-block-media-text__media\" style=\"background-image:url(http:\/\/www.kinaitech.com.ar\/ciberseguridad\/wp-content\/uploads\/2020\/05\/internet-3589685_1280-1024x682.jpg);background-position:50% 50%\"><img loading=\"lazy\" width=\"900\" height=\"599\" src=\"https:\/\/i0.wp.com\/www.kinaitech.com.ar\/ciberseguridad\/wp-content\/uploads\/2020\/05\/internet-3589685_1280-1024x682.jpg?resize=900%2C599\" alt=\"ISO 27001\" class=\"wp-image-766\" srcset=\"https:\/\/i0.wp.com\/www.kinaitech.com.ar\/ciberseguridad\/wp-content\/uploads\/2020\/05\/internet-3589685_1280.jpg?resize=1024%2C682&amp;ssl=1 1024w, https:\/\/i0.wp.com\/www.kinaitech.com.ar\/ciberseguridad\/wp-content\/uploads\/2020\/05\/internet-3589685_1280.jpg?resize=300%2C200&amp;ssl=1 300w, https:\/\/i0.wp.com\/www.kinaitech.com.ar\/ciberseguridad\/wp-content\/uploads\/2020\/05\/internet-3589685_1280.jpg?resize=768%2C512&amp;ssl=1 768w, https:\/\/i0.wp.com\/www.kinaitech.com.ar\/ciberseguridad\/wp-content\/uploads\/2020\/05\/internet-3589685_1280.jpg?w=1280&amp;ssl=1 1280w\" sizes=\"(max-width: 900px) 100vw, 900px\" data-recalc-dims=\"1\" \/><\/figure><div class=\"wp-block-media-text__content\">\n<h5 class=\"has-vivid-red-color has-text-color\">ISO 27001<\/h5>\n\n\n\n<p>Acelere su implementaci\u00f3n de cumplimiento con nuestros consultores benefici\u00e1ndose de su experiencia. GAP Analysis, Implementaci\u00f3n de pol\u00edticas y procesos.<\/p>\n<\/div><\/div>\n\n\n\n<hr class=\"wp-block-separator\"\/>\n\n\n\n<div class=\"wp-block-media-text alignwide is-stacked-on-mobile is-image-fill\"><figure class=\"wp-block-media-text__media\" style=\"background-image:url(http:\/\/www.kinaitech.com.ar\/ciberseguridad\/wp-content\/uploads\/2020\/05\/credit-card-1591492_1280-1024x727.jpg);background-position:50% 50%\"><img loading=\"lazy\" width=\"900\" height=\"639\" src=\"https:\/\/i2.wp.com\/www.kinaitech.com.ar\/ciberseguridad\/wp-content\/uploads\/2020\/05\/credit-card-1591492_1280-1024x727.jpg?resize=900%2C639\" alt=\"PCI-DSS\" class=\"wp-image-768\" srcset=\"https:\/\/i2.wp.com\/www.kinaitech.com.ar\/ciberseguridad\/wp-content\/uploads\/2020\/05\/credit-card-1591492_1280.jpg?resize=1024%2C727&amp;ssl=1 1024w, https:\/\/i2.wp.com\/www.kinaitech.com.ar\/ciberseguridad\/wp-content\/uploads\/2020\/05\/credit-card-1591492_1280.jpg?resize=300%2C213&amp;ssl=1 300w, https:\/\/i2.wp.com\/www.kinaitech.com.ar\/ciberseguridad\/wp-content\/uploads\/2020\/05\/credit-card-1591492_1280.jpg?resize=768%2C545&amp;ssl=1 768w, https:\/\/i2.wp.com\/www.kinaitech.com.ar\/ciberseguridad\/wp-content\/uploads\/2020\/05\/credit-card-1591492_1280.jpg?w=1280&amp;ssl=1 1280w\" sizes=\"(max-width: 900px) 100vw, 900px\" data-recalc-dims=\"1\" \/><\/figure><div class=\"wp-block-media-text__content\">\n<h5 class=\"has-vivid-red-color has-text-color\">PCI-DSS<\/h5>\n\n\n\n<p>Nuestro socio QSA (Qualified Security Assessor) puede ayudarlo con el proceso de certificaci\u00f3n de auditor\u00eda externa, mientras que nosotros podemos ayudarlo con la fase de implementaci\u00f3n.<\/p>\n<\/div><\/div>\n\n\n\n<hr class=\"wp-block-separator\"\/>\n\n\n\n<div class=\"wp-block-media-text alignwide is-stacked-on-mobile is-image-fill\"><figure class=\"wp-block-media-text__media\" style=\"background-image:url(http:\/\/www.kinaitech.com.ar\/ciberseguridad\/wp-content\/uploads\/2020\/05\/cobit.png);background-position:50% 50%\"><img loading=\"lazy\" width=\"337\" height=\"150\" src=\"https:\/\/i1.wp.com\/www.kinaitech.com.ar\/ciberseguridad\/wp-content\/uploads\/2020\/05\/cobit.png?resize=337%2C150\" alt=\"COBIT 2019\" class=\"wp-image-770\" srcset=\"https:\/\/i1.wp.com\/www.kinaitech.com.ar\/ciberseguridad\/wp-content\/uploads\/2020\/05\/cobit.png?w=337&amp;ssl=1 337w, https:\/\/i1.wp.com\/www.kinaitech.com.ar\/ciberseguridad\/wp-content\/uploads\/2020\/05\/cobit.png?resize=300%2C134&amp;ssl=1 300w\" sizes=\"(max-width: 337px) 100vw, 337px\" data-recalc-dims=\"1\" \/><\/figure><div class=\"wp-block-media-text__content\">\n<h5 class=\"has-vivid-red-color has-text-color\">COBIT 2019<\/h5>\n\n\n\n<p>COBIT 2019 se ha convertido en un marco de referencia de gobierno completo. La nueva versi\u00f3n ofrece a las empresas la flexibilidad de desarrollar soluciones pr\u00e1cticas de gesti\u00f3n que se adapten a los objetivos y el contexto de su organizaci\u00f3n. Aprovechando m\u00e9todos y proveedores de framework diversos, COBIT no se enfoca en el esquema de capacitaci\u00f3n, sino en el contenido. Un sistema de gobierno para Enterprise IT consistente de una serie de componentes que pueden ser de diferentes tipos y trabajar juntos de manera integral. En <strong>KINAI<\/strong>TECH lo entendemos como un sistema de gobierno que adem\u00e1s debe ser din\u00e1mico.<\/p>\n<\/div><\/div>\n\n\n\n<hr class=\"wp-block-separator\"\/>\n\n\n\n<div class=\"wp-block-media-text alignwide is-stacked-on-mobile is-image-fill\"><figure class=\"wp-block-media-text__media\" style=\"background-image:url(http:\/\/www.kinaitech.com.ar\/ciberseguridad\/wp-content\/uploads\/2020\/05\/framework_functions_wheel.png);background-position:50% 50%\"><img loading=\"lazy\" width=\"220\" height=\"220\" src=\"https:\/\/i0.wp.com\/www.kinaitech.com.ar\/ciberseguridad\/wp-content\/uploads\/2020\/05\/framework_functions_wheel.png?resize=220%2C220\" alt=\"Framework NIST\" class=\"wp-image-769\" srcset=\"https:\/\/i0.wp.com\/www.kinaitech.com.ar\/ciberseguridad\/wp-content\/uploads\/2020\/05\/framework_functions_wheel.png?w=220&amp;ssl=1 220w, https:\/\/i0.wp.com\/www.kinaitech.com.ar\/ciberseguridad\/wp-content\/uploads\/2020\/05\/framework_functions_wheel.png?resize=150%2C150&amp;ssl=1 150w, https:\/\/i0.wp.com\/www.kinaitech.com.ar\/ciberseguridad\/wp-content\/uploads\/2020\/05\/framework_functions_wheel.png?resize=85%2C85&amp;ssl=1 85w, https:\/\/i0.wp.com\/www.kinaitech.com.ar\/ciberseguridad\/wp-content\/uploads\/2020\/05\/framework_functions_wheel.png?resize=50%2C50&amp;ssl=1 50w\" sizes=\"(max-width: 220px) 100vw, 220px\" data-recalc-dims=\"1\" \/><\/figure><div class=\"wp-block-media-text__content\">\n<h5 class=\"has-vivid-red-color has-text-color\">NIST<\/h5>\n\n\n\n<p>El marco de referencia es una gu\u00eda voluntaria. Sus basamentos son est\u00e1ndares, directrices y pr\u00e1cticas existentes. Y su finalidad es para que las organizaciones gestionen y reduzcan mejor el riesgo de ciberseguridad.<br>Adem\u00e1s de ayudar a las entidades a resolver y reducir los peligros, se dise\u00f1\u00f3 para fomentar las comunicaciones de gesti\u00f3n de riesgos y ciberseguridad. Tanto entre las partes interesadas de la organizaci\u00f3n internas como externas. El framework de ciberseguridad consta de tres componentes principales: el &#8220;Core&#8221;, &#8220;Implementation Tiers&#8221;, y Profiles. <\/p>\n\n\n\n<p>Ofrecemos servicios completos de implementaci\u00f3n y auditor\u00edas.<\/p>\n<\/div><\/div>\n\n\n\n<hr class=\"wp-block-separator\"\/>\n\n\n\n<div class=\"wp-block-media-text alignwide is-stacked-on-mobile is-image-fill\"><figure class=\"wp-block-media-text__media\" style=\"background-image:url(http:\/\/www.kinaitech.com.ar\/ciberseguridad\/wp-content\/uploads\/2020\/06\/swift_csp_cscf_graph.jpg);background-position:50% 50%\"><img loading=\"lazy\" width=\"900\" height=\"526\" src=\"https:\/\/i0.wp.com\/www.kinaitech.com.ar\/ciberseguridad\/wp-content\/uploads\/2020\/06\/swift_csp_cscf_graph.jpg?resize=900%2C526\" alt=\"SWIFT - Customer Security Controls Framework (CSCF)\" class=\"wp-image-791\" srcset=\"https:\/\/i0.wp.com\/www.kinaitech.com.ar\/ciberseguridad\/wp-content\/uploads\/2020\/06\/swift_csp_cscf_graph.jpg?w=1000&amp;ssl=1 1000w, https:\/\/i0.wp.com\/www.kinaitech.com.ar\/ciberseguridad\/wp-content\/uploads\/2020\/06\/swift_csp_cscf_graph.jpg?resize=300%2C175&amp;ssl=1 300w, https:\/\/i0.wp.com\/www.kinaitech.com.ar\/ciberseguridad\/wp-content\/uploads\/2020\/06\/swift_csp_cscf_graph.jpg?resize=768%2C449&amp;ssl=1 768w\" sizes=\"(max-width: 900px) 100vw, 900px\" data-recalc-dims=\"1\" \/><\/figure><div class=\"wp-block-media-text__content\">\n<h5 class=\"has-vivid-red-color has-text-color\">SWIFT Customer Security Controls Framework (CSCF)<\/h5>\n\n\n\n<p>SWIFT ha publicado la actualizaci\u00f3n del framework de controles de seguridad del cliente (CSCF) v2020, que establece un nuevo baseline de defensa para todos los usuarios de SWIFT como parte de su Programa de Seguridad del Cliente (CSP).<br>En v2020, se introducen una serie de cambios en los controles existentes y se proporciona orientaci\u00f3n y aclaraciones adicionales sobre las pautas de despliegue. Lo invitamos a conocer mas en detalle los requerimientos que plantea SWIFT <a href=\"https:\/\/cdn2.hubspot.net\/hubfs\/6926536\/SWIFT-CSP-2020_Generico_20201014.pdf\" target=\"_blank\" rel=\"noreferrer noopener nofollow\">descargando en forma gratuita el documento de referencia<\/a> elaborado por <strong>KINAI<\/strong>TECH para usted.<\/p>\n\n\n\n<div class=\"wp-block-buttons\">\n<div class=\"wp-block-button is-style-fill\"><a class=\"wp-block-button__link has-vivid-red-background-color has-background\" href=\"https:\/\/cdn2.hubspot.net\/hubfs\/6926536\/SWIFT-CSP-2020_Generico_20201014.pdf\" target=\"_blank\" rel=\"noreferrer noopener\">Descargar documento<\/a><\/div>\n<\/div>\n\n\n\n<p>Ofrecemos servicios de asesor\u00eda para implementar todos los controles obligatorios y recomendados.<\/p>\n<\/div><\/div>\n\n\n\n<hr class=\"wp-block-separator\"\/>\n","protected":false},"excerpt":{"rendered":"<p>ISO 27001 Acelere su implementaci\u00f3n de cumplimiento con nuestros consultores benefici\u00e1ndose de su experiencia. GAP Analysis, Implementaci\u00f3n de pol\u00edticas y procesos. PCI-DSS Nuestro socio QSA (Qualified Security Assessor) puede ayudarlo con el proceso de certificaci\u00f3n de auditor\u00eda externa, mientras que nosotros podemos ayudarlo con la fase de implementaci\u00f3n. COBIT 2019 COBIT 2019 se ha convertido [&hellip;]<\/p>\n","protected":false},"author":1,"featured_media":0,"parent":0,"menu_order":0,"comment_status":"closed","ping_status":"closed","template":"","meta":{"spay_email":""},"yoast_head":"<!-- This site is optimized with the Yoast SEO plugin v17.3 - https:\/\/yoast.com\/wordpress\/plugins\/seo\/ -->\n<title>Compliance - KINAITECH | Ciberseguridad<\/title>\n<meta name=\"description\" content=\"Acelere su implementaci\u00f3n de cumplimiento con los servicios que le ofrecemos en KINAITECH | Ciberseguridad.\" \/>\n<meta name=\"robots\" content=\"index, follow, max-snippet:-1, max-image-preview:large, max-video-preview:-1\" \/>\n<link rel=\"canonical\" href=\"https:\/\/www.kinaitech.com.ar\/ciberseguridad\/compliance\/\" \/>\n<meta property=\"og:locale\" content=\"es_ES\" \/>\n<meta property=\"og:type\" content=\"article\" \/>\n<meta property=\"og:title\" content=\"Compliance - KINAITECH | Ciberseguridad\" \/>\n<meta property=\"og:description\" content=\"Acelere su implementaci\u00f3n de cumplimiento con los servicios que le ofrecemos en KINAITECH | Ciberseguridad.\" \/>\n<meta property=\"og:url\" content=\"https:\/\/www.kinaitech.com.ar\/ciberseguridad\/compliance\/\" \/>\n<meta property=\"og:site_name\" content=\"KINAITECH | Ciberseguridad\" \/>\n<meta property=\"article:modified_time\" content=\"2020-10-25T07:15:59+00:00\" \/>\n<meta property=\"og:image\" content=\"http:\/\/www.kinaitech.com.ar\/ciberseguridad\/wp-content\/uploads\/2020\/05\/internet-3589685_1280-1024x682.jpg\" \/>\n<meta name=\"twitter:card\" content=\"summary_large_image\" \/>\n<meta name=\"twitter:label1\" content=\"Tiempo de lectura\" \/>\n\t<meta name=\"twitter:data1\" content=\"2 minutos\" \/>\n<script type=\"application\/ld+json\" class=\"yoast-schema-graph\">{\"@context\":\"https:\/\/schema.org\",\"@graph\":[{\"@type\":\"WebSite\",\"@id\":\"https:\/\/www.kinaitech.com.ar\/ciberseguridad\/#website\",\"url\":\"https:\/\/www.kinaitech.com.ar\/ciberseguridad\/\",\"name\":\"KINAITECH | Ciberseguridad\",\"description\":\"Ethical Hacking, Application Security and Trainings through a partner networks across Latin America and Caribbean\",\"potentialAction\":[{\"@type\":\"SearchAction\",\"target\":{\"@type\":\"EntryPoint\",\"urlTemplate\":\"https:\/\/www.kinaitech.com.ar\/ciberseguridad\/?s={search_term_string}\"},\"query-input\":\"required name=search_term_string\"}],\"inLanguage\":\"es\"},{\"@type\":\"ImageObject\",\"@id\":\"https:\/\/www.kinaitech.com.ar\/ciberseguridad\/compliance\/#primaryimage\",\"inLanguage\":\"es\",\"url\":\"http:\/\/www.kinaitech.com.ar\/ciberseguridad\/wp-content\/uploads\/2020\/05\/internet-3589685_1280-1024x682.jpg\",\"contentUrl\":\"http:\/\/www.kinaitech.com.ar\/ciberseguridad\/wp-content\/uploads\/2020\/05\/internet-3589685_1280-1024x682.jpg\"},{\"@type\":\"WebPage\",\"@id\":\"https:\/\/www.kinaitech.com.ar\/ciberseguridad\/compliance\/#webpage\",\"url\":\"https:\/\/www.kinaitech.com.ar\/ciberseguridad\/compliance\/\",\"name\":\"Compliance - KINAITECH | Ciberseguridad\",\"isPartOf\":{\"@id\":\"https:\/\/www.kinaitech.com.ar\/ciberseguridad\/#website\"},\"primaryImageOfPage\":{\"@id\":\"https:\/\/www.kinaitech.com.ar\/ciberseguridad\/compliance\/#primaryimage\"},\"datePublished\":\"2020-03-21T15:24:11+00:00\",\"dateModified\":\"2020-10-25T07:15:59+00:00\",\"description\":\"Acelere su implementaci\\u00f3n de cumplimiento con los servicios que le ofrecemos en KINAITECH | Ciberseguridad.\",\"breadcrumb\":{\"@id\":\"https:\/\/www.kinaitech.com.ar\/ciberseguridad\/compliance\/#breadcrumb\"},\"inLanguage\":\"es\",\"potentialAction\":[{\"@type\":\"ReadAction\",\"target\":[\"https:\/\/www.kinaitech.com.ar\/ciberseguridad\/compliance\/\"]}]},{\"@type\":\"BreadcrumbList\",\"@id\":\"https:\/\/www.kinaitech.com.ar\/ciberseguridad\/compliance\/#breadcrumb\",\"itemListElement\":[{\"@type\":\"ListItem\",\"position\":1,\"name\":\"Home\",\"item\":\"https:\/\/www.kinaitech.com.ar\/ciberseguridad\/\"},{\"@type\":\"ListItem\",\"position\":2,\"name\":\"Compliance\"}]}]}<\/script>\n<!-- \/ Yoast SEO plugin. -->","yoast_head_json":{"title":"Compliance - KINAITECH | Ciberseguridad","description":"Acelere su implementaci\u00f3n de cumplimiento con los servicios que le ofrecemos en KINAITECH | Ciberseguridad.","robots":{"index":"index","follow":"follow","max-snippet":"max-snippet:-1","max-image-preview":"max-image-preview:large","max-video-preview":"max-video-preview:-1"},"canonical":"https:\/\/www.kinaitech.com.ar\/ciberseguridad\/compliance\/","og_locale":"es_ES","og_type":"article","og_title":"Compliance - KINAITECH | Ciberseguridad","og_description":"Acelere su implementaci\u00f3n de cumplimiento con los servicios que le ofrecemos en KINAITECH | Ciberseguridad.","og_url":"https:\/\/www.kinaitech.com.ar\/ciberseguridad\/compliance\/","og_site_name":"KINAITECH | Ciberseguridad","article_modified_time":"2020-10-25T07:15:59+00:00","og_image":[{"url":"http:\/\/www.kinaitech.com.ar\/ciberseguridad\/wp-content\/uploads\/2020\/05\/internet-3589685_1280-1024x682.jpg"}],"twitter_card":"summary_large_image","twitter_misc":{"Tiempo de lectura":"2 minutos"},"schema":{"@context":"https:\/\/schema.org","@graph":[{"@type":"WebSite","@id":"https:\/\/www.kinaitech.com.ar\/ciberseguridad\/#website","url":"https:\/\/www.kinaitech.com.ar\/ciberseguridad\/","name":"KINAITECH | Ciberseguridad","description":"Ethical Hacking, Application Security and Trainings through a partner networks across Latin America and Caribbean","potentialAction":[{"@type":"SearchAction","target":{"@type":"EntryPoint","urlTemplate":"https:\/\/www.kinaitech.com.ar\/ciberseguridad\/?s={search_term_string}"},"query-input":"required name=search_term_string"}],"inLanguage":"es"},{"@type":"ImageObject","@id":"https:\/\/www.kinaitech.com.ar\/ciberseguridad\/compliance\/#primaryimage","inLanguage":"es","url":"http:\/\/www.kinaitech.com.ar\/ciberseguridad\/wp-content\/uploads\/2020\/05\/internet-3589685_1280-1024x682.jpg","contentUrl":"http:\/\/www.kinaitech.com.ar\/ciberseguridad\/wp-content\/uploads\/2020\/05\/internet-3589685_1280-1024x682.jpg"},{"@type":"WebPage","@id":"https:\/\/www.kinaitech.com.ar\/ciberseguridad\/compliance\/#webpage","url":"https:\/\/www.kinaitech.com.ar\/ciberseguridad\/compliance\/","name":"Compliance - KINAITECH | Ciberseguridad","isPartOf":{"@id":"https:\/\/www.kinaitech.com.ar\/ciberseguridad\/#website"},"primaryImageOfPage":{"@id":"https:\/\/www.kinaitech.com.ar\/ciberseguridad\/compliance\/#primaryimage"},"datePublished":"2020-03-21T15:24:11+00:00","dateModified":"2020-10-25T07:15:59+00:00","description":"Acelere su implementaci\u00f3n de cumplimiento con los servicios que le ofrecemos en KINAITECH | Ciberseguridad.","breadcrumb":{"@id":"https:\/\/www.kinaitech.com.ar\/ciberseguridad\/compliance\/#breadcrumb"},"inLanguage":"es","potentialAction":[{"@type":"ReadAction","target":["https:\/\/www.kinaitech.com.ar\/ciberseguridad\/compliance\/"]}]},{"@type":"BreadcrumbList","@id":"https:\/\/www.kinaitech.com.ar\/ciberseguridad\/compliance\/#breadcrumb","itemListElement":[{"@type":"ListItem","position":1,"name":"Home","item":"https:\/\/www.kinaitech.com.ar\/ciberseguridad\/"},{"@type":"ListItem","position":2,"name":"Compliance"}]}]}},"uagb_featured_image_src":{"full":false,"thumbnail":false,"medium":false,"medium_large":false,"large":false,"1536x1536":false,"2048x2048":false},"uagb_author_info":{"display_name":"Mateo Martinez","author_link":"https:\/\/www.kinaitech.com.ar\/ciberseguridad\/author\/admin\/"},"uagb_comment_info":0,"uagb_excerpt":"ISO 27001 Acelere su implementaci\u00f3n de cumplimiento con nuestros consultores benefici\u00e1ndose de su experiencia. GAP Analysis, Implementaci\u00f3n de pol\u00edticas y procesos. PCI-DSS Nuestro socio QSA (Qualified Security Assessor) puede ayudarlo con el proceso de certificaci\u00f3n de auditor\u00eda externa, mientras que nosotros podemos ayudarlo con la fase de implementaci\u00f3n. COBIT 2019 COBIT 2019 se ha convertido&hellip;","_links":{"self":[{"href":"https:\/\/www.kinaitech.com.ar\/ciberseguridad\/wp-json\/wp\/v2\/pages\/482"}],"collection":[{"href":"https:\/\/www.kinaitech.com.ar\/ciberseguridad\/wp-json\/wp\/v2\/pages"}],"about":[{"href":"https:\/\/www.kinaitech.com.ar\/ciberseguridad\/wp-json\/wp\/v2\/types\/page"}],"author":[{"embeddable":true,"href":"https:\/\/www.kinaitech.com.ar\/ciberseguridad\/wp-json\/wp\/v2\/users\/1"}],"replies":[{"embeddable":true,"href":"https:\/\/www.kinaitech.com.ar\/ciberseguridad\/wp-json\/wp\/v2\/comments?post=482"}],"version-history":[{"count":18,"href":"https:\/\/www.kinaitech.com.ar\/ciberseguridad\/wp-json\/wp\/v2\/pages\/482\/revisions"}],"predecessor-version":[{"id":1004,"href":"https:\/\/www.kinaitech.com.ar\/ciberseguridad\/wp-json\/wp\/v2\/pages\/482\/revisions\/1004"}],"wp:attachment":[{"href":"https:\/\/www.kinaitech.com.ar\/ciberseguridad\/wp-json\/wp\/v2\/media?parent=482"}],"curies":[{"name":"wp","href":"https:\/\/api.w.org\/{rel}","templated":true}]}}