{"id":486,"date":"2020-03-21T15:26:55","date_gmt":"2020-03-21T15:26:55","guid":{"rendered":"http:\/\/www.kinaitech.com.ar\/ciberseguridad\/?page_id=486"},"modified":"2020-10-09T15:54:41","modified_gmt":"2020-10-09T18:54:41","slug":"cyber-resilience-strategy","status":"publish","type":"page","link":"https:\/\/www.kinaitech.com.ar\/ciberseguridad\/cyber-resilience-strategy\/","title":{"rendered":"Resilience Strategy"},"content":{"rendered":"\n<hr class=\"wp-block-separator\"\/>\n\n\n\n<div class=\"wp-block-media-text alignwide is-stacked-on-mobile is-image-fill\"><figure class=\"wp-block-media-text__media\" style=\"background-image:url(http:\/\/www.kinaitech.com.ar\/ciberseguridad\/wp-content\/uploads\/2020\/05\/resilient-4899506_1280-1024x768.jpg);background-position:50% 50%\"><img loading=\"lazy\" width=\"900\" height=\"675\" src=\"https:\/\/i0.wp.com\/www.kinaitech.com.ar\/ciberseguridad\/wp-content\/uploads\/2020\/05\/resilient-4899506_1280-1024x768.jpg?resize=900%2C675\" alt=\"\" class=\"wp-image-760\" srcset=\"https:\/\/i2.wp.com\/www.kinaitech.com.ar\/ciberseguridad\/wp-content\/uploads\/2020\/05\/resilient-4899506_1280.jpg?resize=1024%2C768&amp;ssl=1 1024w, https:\/\/i2.wp.com\/www.kinaitech.com.ar\/ciberseguridad\/wp-content\/uploads\/2020\/05\/resilient-4899506_1280.jpg?resize=300%2C225&amp;ssl=1 300w, https:\/\/i2.wp.com\/www.kinaitech.com.ar\/ciberseguridad\/wp-content\/uploads\/2020\/05\/resilient-4899506_1280.jpg?resize=768%2C576&amp;ssl=1 768w, https:\/\/i2.wp.com\/www.kinaitech.com.ar\/ciberseguridad\/wp-content\/uploads\/2020\/05\/resilient-4899506_1280.jpg?resize=463%2C348&amp;ssl=1 463w, https:\/\/i2.wp.com\/www.kinaitech.com.ar\/ciberseguridad\/wp-content\/uploads\/2020\/05\/resilient-4899506_1280.jpg?w=1280&amp;ssl=1 1280w\" sizes=\"(max-width: 900px) 100vw, 900px\" data-recalc-dims=\"1\" \/><\/figure><div class=\"wp-block-media-text__content\">\n<h5 class=\"has-vivid-red-color has-text-color\">Resilience Strategy<\/h5>\n\n\n\n<p>El \u00e9xito a largo plazo y la competitividad de las organizaciones se ha relacionado con su capacidad para resistir y recuperarse de los cambios e incidentes que puedan ocurrir. Es muy importante trabajar en la planificaci\u00f3n de diversos aspectos que preparen a la organizaci\u00f3n ante cualquier tipo de riesgo que genere peligros mayores de los que puede aceptar. Es importante gestar una cultura de resiliencia en la organizaci\u00f3n con un enfoque de arriba hacia abajo que surge de un inter\u00e9s y compromiso real y activo de la alta direcci\u00f3n.<\/p>\n<\/div><\/div>\n\n\n\n<hr class=\"wp-block-separator\"\/>\n\n\n\n<div class=\"wp-block-media-text alignwide is-stacked-on-mobile is-image-fill\"><figure class=\"wp-block-media-text__media\" style=\"background-image:url(http:\/\/www.kinaitech.com.ar\/ciberseguridad\/wp-content\/uploads\/2020\/05\/toxic-waste-2089779_1280-1024x682.jpg);background-position:50% 50%\"><img loading=\"lazy\" width=\"900\" height=\"599\" src=\"https:\/\/i0.wp.com\/www.kinaitech.com.ar\/ciberseguridad\/wp-content\/uploads\/2020\/05\/toxic-waste-2089779_1280-1024x682.jpg?resize=900%2C599\" alt=\"\" class=\"wp-image-761\" srcset=\"https:\/\/i1.wp.com\/www.kinaitech.com.ar\/ciberseguridad\/wp-content\/uploads\/2020\/05\/toxic-waste-2089779_1280.jpg?resize=1024%2C682&amp;ssl=1 1024w, https:\/\/i1.wp.com\/www.kinaitech.com.ar\/ciberseguridad\/wp-content\/uploads\/2020\/05\/toxic-waste-2089779_1280.jpg?resize=300%2C200&amp;ssl=1 300w, https:\/\/i1.wp.com\/www.kinaitech.com.ar\/ciberseguridad\/wp-content\/uploads\/2020\/05\/toxic-waste-2089779_1280.jpg?resize=768%2C512&amp;ssl=1 768w, https:\/\/i1.wp.com\/www.kinaitech.com.ar\/ciberseguridad\/wp-content\/uploads\/2020\/05\/toxic-waste-2089779_1280.jpg?w=1280&amp;ssl=1 1280w\" sizes=\"(max-width: 900px) 100vw, 900px\" data-recalc-dims=\"1\" \/><\/figure><div class=\"wp-block-media-text__content\">\n<h5 class=\"has-vivid-red-color has-text-color\">Risk Management<\/h5>\n\n\n\n<p>La gesti\u00f3n de los riesgos de ciberseguridad ha sido un tema muy discutido y todav\u00eda hay pocos acuerdos. Es necesario identificar los peligros inherentes de ciberseguridad. Y a partir de este punto realizar un correcto an\u00e1lisis bas\u00e1ndose en el apetito de riesgo de la organizaci\u00f3n. En <strong>KINAI<\/strong>TECH utilizamos a modo de directriz la normativa internacional <a href=\"https:\/\/www.iso.org\/obp\/ui#iso:std:iso:31000:ed-2:v1:es\" target=\"_blank\" rel=\"noreferrer noopener nofollow\">ISO 31000<\/a> para la gesti\u00f3n de riesgos. Y empleamos marcos de referencia como <a href=\"https:\/\/www.nist.gov\/privacy-framework\/nist-sp-800-30\" target=\"_blank\" rel=\"noreferrer noopener nofollow\">NIST 800-30<\/a>, junto con las pautas que establece la norma <a href=\"https:\/\/www.iso.org\/obp\/ui#iso:std:iso-iec:27032:ed-1:v1:en\" target=\"_blank\" rel=\"noreferrer noopener nofollow\">ISO 27032<\/a>. Nuestros consultores se encuentran certificados. Y estamos preparados para acompa\u00f1ar a su organizaci\u00f3n en un proceso maduro de gesti\u00f3n de riesgos de ciberseguridad.<\/p>\n<\/div><\/div>\n\n\n\n<hr class=\"wp-block-separator\"\/>\n\n\n\n<div class=\"wp-block-media-text alignwide is-stacked-on-mobile is-image-fill\"><figure class=\"wp-block-media-text__media\" style=\"background-image:url(http:\/\/www.kinaitech.com.ar\/ciberseguridad\/wp-content\/uploads\/2020\/05\/crisis-1276276_1280-1024x576.jpg);background-position:50% 50%\"><img loading=\"lazy\" width=\"900\" height=\"506\" src=\"https:\/\/i0.wp.com\/www.kinaitech.com.ar\/ciberseguridad\/wp-content\/uploads\/2020\/05\/crisis-1276276_1280-1024x576.jpg?resize=900%2C506\" alt=\"\" class=\"wp-image-762\" srcset=\"https:\/\/i1.wp.com\/www.kinaitech.com.ar\/ciberseguridad\/wp-content\/uploads\/2020\/05\/crisis-1276276_1280.jpg?resize=1024%2C576&amp;ssl=1 1024w, https:\/\/i1.wp.com\/www.kinaitech.com.ar\/ciberseguridad\/wp-content\/uploads\/2020\/05\/crisis-1276276_1280.jpg?resize=300%2C169&amp;ssl=1 300w, https:\/\/i1.wp.com\/www.kinaitech.com.ar\/ciberseguridad\/wp-content\/uploads\/2020\/05\/crisis-1276276_1280.jpg?resize=768%2C432&amp;ssl=1 768w, https:\/\/i1.wp.com\/www.kinaitech.com.ar\/ciberseguridad\/wp-content\/uploads\/2020\/05\/crisis-1276276_1280.jpg?w=1280&amp;ssl=1 1280w\" sizes=\"(max-width: 900px) 100vw, 900px\" data-recalc-dims=\"1\" \/><\/figure><div class=\"wp-block-media-text__content\">\n<h5 class=\"has-vivid-red-color has-text-color\">Cyber Crisis Management<\/h5>\n\n\n\n<p>Es muy importante planificar las decisiones que se deben tomar durante una crisis. A trav\u00e9s de un equipo multidisciplinario de consultores, creamos escenarios de riesgo reales. Contemplando las distintas crisis de ciberseguridad que puedan ocurrir. Y trabajamos en un plan que incluya todos los aspectos a tener en cuenta: los pasos a seguir, procesos, &#8220;playbooks&#8221;, preparar a los voceros o comunicadores, etc.<\/p>\n\n\n\n<p>Nos enfocamos en delinear junto a nuestros clientes una estrategia amplia. Que contemple tanto el punto de vista t\u00e9cnico, interna y externamente; como tambi\u00e9n la gesti\u00f3n con los medios de comunicaci\u00f3n, socios comerciales, proveedores y empleados.<\/p>\n<\/div><\/div>\n\n\n\n<hr class=\"wp-block-separator\"\/>\n\n\n\n<div class=\"wp-block-media-text alignwide is-stacked-on-mobile is-image-fill\"><figure class=\"wp-block-media-text__media\" style=\"background-image:url(http:\/\/www.kinaitech.com.ar\/ciberseguridad\/wp-content\/uploads\/2020\/05\/conference-room-768441_1920-2-1024x683.jpg);background-position:50% 50%\"><img loading=\"lazy\" width=\"900\" height=\"600\" src=\"https:\/\/i1.wp.com\/www.kinaitech.com.ar\/ciberseguridad\/wp-content\/uploads\/2020\/05\/conference-room-768441_1920-2-1024x683.jpg?resize=900%2C600\" alt=\"\" class=\"wp-image-764\" srcset=\"https:\/\/i2.wp.com\/www.kinaitech.com.ar\/ciberseguridad\/wp-content\/uploads\/2020\/05\/conference-room-768441_1920-2.jpg?resize=1024%2C683&amp;ssl=1 1024w, https:\/\/i2.wp.com\/www.kinaitech.com.ar\/ciberseguridad\/wp-content\/uploads\/2020\/05\/conference-room-768441_1920-2.jpg?resize=300%2C200&amp;ssl=1 300w, https:\/\/i2.wp.com\/www.kinaitech.com.ar\/ciberseguridad\/wp-content\/uploads\/2020\/05\/conference-room-768441_1920-2.jpg?resize=768%2C512&amp;ssl=1 768w, https:\/\/i2.wp.com\/www.kinaitech.com.ar\/ciberseguridad\/wp-content\/uploads\/2020\/05\/conference-room-768441_1920-2.jpg?resize=1536%2C1024&amp;ssl=1 1536w, https:\/\/i2.wp.com\/www.kinaitech.com.ar\/ciberseguridad\/wp-content\/uploads\/2020\/05\/conference-room-768441_1920-2.jpg?w=1920&amp;ssl=1 1920w, https:\/\/i2.wp.com\/www.kinaitech.com.ar\/ciberseguridad\/wp-content\/uploads\/2020\/05\/conference-room-768441_1920-2.jpg?w=1800&amp;ssl=1 1800w\" sizes=\"(max-width: 900px) 100vw, 900px\" data-recalc-dims=\"1\" \/><\/figure><div class=\"wp-block-media-text__content\">\n<h5 class=\"has-vivid-red-color has-text-color\">Business Continuity Management<\/h5>\n\n\n\n<p>Inicie o mejore su proceso de Business Impact Analysis (BIA) y la gesti\u00f3n de su programa de continuidad de negocio mediante la creaci\u00f3n de un proceso maduro de Business Continuity Management (BCM). El plan es una gu\u00eda r\u00e1pida para la gesti\u00f3n de crisis, pero es necesario un s\u00f3lido trabajo de planificaci\u00f3n estrat\u00e9gica que incluya el mantenimiento del plan, simulacros y simulaciones a fin de preparar a todo el equipo para una cat\u00e1strofe. Es muy importante poder predeterminar antes de un posible desastre las acciones, y as\u00ed evitar tomar malas decisiones durante las crisis. Nuestro servicio integral le ayudar\u00e1 a crear y mantener sus planes y que no sean meros documentos de cumplimiento. Sino una herramienta fundamental para la alta direcci\u00f3n responsable de la continuidad operativa de la organizaci\u00f3n.<\/p>\n<\/div><\/div>\n\n\n\n<hr class=\"wp-block-separator\"\/>\n\n\n\n<div class=\"wp-block-media-text alignwide is-stacked-on-mobile is-image-fill\"><figure class=\"wp-block-media-text__media\" style=\"background-image:url(http:\/\/www.kinaitech.com.ar\/ciberseguridad\/wp-content\/uploads\/2020\/05\/fireman-100722_1280-1024x730.jpg);background-position:50% 50%\"><img loading=\"lazy\" width=\"900\" height=\"642\" src=\"https:\/\/i2.wp.com\/www.kinaitech.com.ar\/ciberseguridad\/wp-content\/uploads\/2020\/05\/fireman-100722_1280-1024x730.jpg?resize=900%2C642\" alt=\"\" class=\"wp-image-763\" srcset=\"https:\/\/i2.wp.com\/www.kinaitech.com.ar\/ciberseguridad\/wp-content\/uploads\/2020\/05\/fireman-100722_1280.jpg?resize=1024%2C730&amp;ssl=1 1024w, https:\/\/i2.wp.com\/www.kinaitech.com.ar\/ciberseguridad\/wp-content\/uploads\/2020\/05\/fireman-100722_1280.jpg?resize=300%2C214&amp;ssl=1 300w, https:\/\/i2.wp.com\/www.kinaitech.com.ar\/ciberseguridad\/wp-content\/uploads\/2020\/05\/fireman-100722_1280.jpg?resize=768%2C548&amp;ssl=1 768w, https:\/\/i2.wp.com\/www.kinaitech.com.ar\/ciberseguridad\/wp-content\/uploads\/2020\/05\/fireman-100722_1280.jpg?w=1280&amp;ssl=1 1280w\" sizes=\"(max-width: 900px) 100vw, 900px\" data-recalc-dims=\"1\" \/><\/figure><div class=\"wp-block-media-text__content\">\n<h5 class=\"has-vivid-red-color has-text-color\">Disaster Recovery Management<\/h5>\n\n\n\n<p>La tecnolog\u00eda se ha convertido en una pieza fundamental en las organizaciones. Tanto es as\u00ed, que muchas veces dependemos al 100% de ella para poder continuar con nuestras operaciones normales. Es necesario planificar una estrategia de alta disponibilidad as\u00ed como un proceso de recuperaci\u00f3n en los tiempos que determine la necesidad del negocio. A partir de los datos del RTO (Recovery Time Objective) y del RPO (Recovery Point Objective), trabajamos en las inversiones e implementaciones necesarias para poder cumplir con dichos requisitos comerciales. Ofrecemos un servicio completo de planificaci\u00f3n e implementaci\u00f3n de estrategias tecnol\u00f3gicas as\u00ed como acompa\u00f1amiento y planificaci\u00f3n de simulacros.<\/p>\n<\/div><\/div>\n\n\n\n<hr class=\"wp-block-separator\"\/>\n","protected":false},"excerpt":{"rendered":"<p>Resilience Strategy El \u00e9xito a largo plazo y la competitividad de las organizaciones se ha relacionado con su capacidad para resistir y recuperarse de los cambios e incidentes que puedan ocurrir. Es muy importante trabajar en la planificaci\u00f3n de diversos aspectos que preparen a la organizaci\u00f3n ante cualquier tipo de riesgo que genere peligros mayores [&hellip;]<\/p>\n","protected":false},"author":1,"featured_media":0,"parent":0,"menu_order":0,"comment_status":"closed","ping_status":"closed","template":"","meta":{"spay_email":""},"yoast_head":"<!-- This site is optimized with the Yoast SEO plugin v17.3 - https:\/\/yoast.com\/wordpress\/plugins\/seo\/ -->\n<title>Resilience Strategy - KINAITECH | Ciberseguridad<\/title>\n<meta name=\"robots\" content=\"index, follow, max-snippet:-1, max-image-preview:large, max-video-preview:-1\" \/>\n<link rel=\"canonical\" href=\"https:\/\/www.kinaitech.com.ar\/ciberseguridad\/cyber-resilience-strategy\/\" \/>\n<meta property=\"og:locale\" content=\"es_ES\" \/>\n<meta property=\"og:type\" content=\"article\" \/>\n<meta property=\"og:title\" content=\"Resilience Strategy - KINAITECH | Ciberseguridad\" \/>\n<meta property=\"og:description\" content=\"Resilience Strategy El \u00e9xito a largo plazo y la competitividad de las organizaciones se ha relacionado con su capacidad para resistir y recuperarse de los cambios e incidentes que puedan ocurrir. Es muy importante trabajar en la planificaci\u00f3n de diversos aspectos que preparen a la organizaci\u00f3n ante cualquier tipo de riesgo que genere peligros mayores [&hellip;]\" \/>\n<meta property=\"og:url\" content=\"https:\/\/www.kinaitech.com.ar\/ciberseguridad\/cyber-resilience-strategy\/\" \/>\n<meta property=\"og:site_name\" content=\"KINAITECH | Ciberseguridad\" \/>\n<meta property=\"article:modified_time\" content=\"2020-10-09T18:54:41+00:00\" \/>\n<meta property=\"og:image\" content=\"http:\/\/www.kinaitech.com.ar\/ciberseguridad\/wp-content\/uploads\/2020\/05\/resilient-4899506_1280-1024x768.jpg\" \/>\n<meta name=\"twitter:card\" content=\"summary_large_image\" \/>\n<meta name=\"twitter:label1\" content=\"Tiempo de lectura\" \/>\n\t<meta name=\"twitter:data1\" content=\"3 minutos\" \/>\n<script type=\"application\/ld+json\" class=\"yoast-schema-graph\">{\"@context\":\"https:\/\/schema.org\",\"@graph\":[{\"@type\":\"WebSite\",\"@id\":\"https:\/\/www.kinaitech.com.ar\/ciberseguridad\/#website\",\"url\":\"https:\/\/www.kinaitech.com.ar\/ciberseguridad\/\",\"name\":\"KINAITECH | Ciberseguridad\",\"description\":\"Ethical Hacking, Application Security and Trainings through a partner networks across Latin America and Caribbean\",\"potentialAction\":[{\"@type\":\"SearchAction\",\"target\":{\"@type\":\"EntryPoint\",\"urlTemplate\":\"https:\/\/www.kinaitech.com.ar\/ciberseguridad\/?s={search_term_string}\"},\"query-input\":\"required name=search_term_string\"}],\"inLanguage\":\"es\"},{\"@type\":\"ImageObject\",\"@id\":\"https:\/\/www.kinaitech.com.ar\/ciberseguridad\/cyber-resilience-strategy\/#primaryimage\",\"inLanguage\":\"es\",\"url\":\"http:\/\/www.kinaitech.com.ar\/ciberseguridad\/wp-content\/uploads\/2020\/05\/resilient-4899506_1280-1024x768.jpg\",\"contentUrl\":\"http:\/\/www.kinaitech.com.ar\/ciberseguridad\/wp-content\/uploads\/2020\/05\/resilient-4899506_1280-1024x768.jpg\"},{\"@type\":\"WebPage\",\"@id\":\"https:\/\/www.kinaitech.com.ar\/ciberseguridad\/cyber-resilience-strategy\/#webpage\",\"url\":\"https:\/\/www.kinaitech.com.ar\/ciberseguridad\/cyber-resilience-strategy\/\",\"name\":\"Resilience Strategy - KINAITECH | Ciberseguridad\",\"isPartOf\":{\"@id\":\"https:\/\/www.kinaitech.com.ar\/ciberseguridad\/#website\"},\"primaryImageOfPage\":{\"@id\":\"https:\/\/www.kinaitech.com.ar\/ciberseguridad\/cyber-resilience-strategy\/#primaryimage\"},\"datePublished\":\"2020-03-21T15:26:55+00:00\",\"dateModified\":\"2020-10-09T18:54:41+00:00\",\"breadcrumb\":{\"@id\":\"https:\/\/www.kinaitech.com.ar\/ciberseguridad\/cyber-resilience-strategy\/#breadcrumb\"},\"inLanguage\":\"es\",\"potentialAction\":[{\"@type\":\"ReadAction\",\"target\":[\"https:\/\/www.kinaitech.com.ar\/ciberseguridad\/cyber-resilience-strategy\/\"]}]},{\"@type\":\"BreadcrumbList\",\"@id\":\"https:\/\/www.kinaitech.com.ar\/ciberseguridad\/cyber-resilience-strategy\/#breadcrumb\",\"itemListElement\":[{\"@type\":\"ListItem\",\"position\":1,\"name\":\"Home\",\"item\":\"https:\/\/www.kinaitech.com.ar\/ciberseguridad\/\"},{\"@type\":\"ListItem\",\"position\":2,\"name\":\"Resilience Strategy\"}]}]}<\/script>\n<!-- \/ Yoast SEO plugin. -->","yoast_head_json":{"title":"Resilience Strategy - KINAITECH | Ciberseguridad","robots":{"index":"index","follow":"follow","max-snippet":"max-snippet:-1","max-image-preview":"max-image-preview:large","max-video-preview":"max-video-preview:-1"},"canonical":"https:\/\/www.kinaitech.com.ar\/ciberseguridad\/cyber-resilience-strategy\/","og_locale":"es_ES","og_type":"article","og_title":"Resilience Strategy - KINAITECH | Ciberseguridad","og_description":"Resilience Strategy El \u00e9xito a largo plazo y la competitividad de las organizaciones se ha relacionado con su capacidad para resistir y recuperarse de los cambios e incidentes que puedan ocurrir. Es muy importante trabajar en la planificaci\u00f3n de diversos aspectos que preparen a la organizaci\u00f3n ante cualquier tipo de riesgo que genere peligros mayores [&hellip;]","og_url":"https:\/\/www.kinaitech.com.ar\/ciberseguridad\/cyber-resilience-strategy\/","og_site_name":"KINAITECH | Ciberseguridad","article_modified_time":"2020-10-09T18:54:41+00:00","og_image":[{"url":"http:\/\/www.kinaitech.com.ar\/ciberseguridad\/wp-content\/uploads\/2020\/05\/resilient-4899506_1280-1024x768.jpg"}],"twitter_card":"summary_large_image","twitter_misc":{"Tiempo de lectura":"3 minutos"},"schema":{"@context":"https:\/\/schema.org","@graph":[{"@type":"WebSite","@id":"https:\/\/www.kinaitech.com.ar\/ciberseguridad\/#website","url":"https:\/\/www.kinaitech.com.ar\/ciberseguridad\/","name":"KINAITECH | Ciberseguridad","description":"Ethical Hacking, Application Security and Trainings through a partner networks across Latin America and Caribbean","potentialAction":[{"@type":"SearchAction","target":{"@type":"EntryPoint","urlTemplate":"https:\/\/www.kinaitech.com.ar\/ciberseguridad\/?s={search_term_string}"},"query-input":"required name=search_term_string"}],"inLanguage":"es"},{"@type":"ImageObject","@id":"https:\/\/www.kinaitech.com.ar\/ciberseguridad\/cyber-resilience-strategy\/#primaryimage","inLanguage":"es","url":"http:\/\/www.kinaitech.com.ar\/ciberseguridad\/wp-content\/uploads\/2020\/05\/resilient-4899506_1280-1024x768.jpg","contentUrl":"http:\/\/www.kinaitech.com.ar\/ciberseguridad\/wp-content\/uploads\/2020\/05\/resilient-4899506_1280-1024x768.jpg"},{"@type":"WebPage","@id":"https:\/\/www.kinaitech.com.ar\/ciberseguridad\/cyber-resilience-strategy\/#webpage","url":"https:\/\/www.kinaitech.com.ar\/ciberseguridad\/cyber-resilience-strategy\/","name":"Resilience Strategy - KINAITECH | Ciberseguridad","isPartOf":{"@id":"https:\/\/www.kinaitech.com.ar\/ciberseguridad\/#website"},"primaryImageOfPage":{"@id":"https:\/\/www.kinaitech.com.ar\/ciberseguridad\/cyber-resilience-strategy\/#primaryimage"},"datePublished":"2020-03-21T15:26:55+00:00","dateModified":"2020-10-09T18:54:41+00:00","breadcrumb":{"@id":"https:\/\/www.kinaitech.com.ar\/ciberseguridad\/cyber-resilience-strategy\/#breadcrumb"},"inLanguage":"es","potentialAction":[{"@type":"ReadAction","target":["https:\/\/www.kinaitech.com.ar\/ciberseguridad\/cyber-resilience-strategy\/"]}]},{"@type":"BreadcrumbList","@id":"https:\/\/www.kinaitech.com.ar\/ciberseguridad\/cyber-resilience-strategy\/#breadcrumb","itemListElement":[{"@type":"ListItem","position":1,"name":"Home","item":"https:\/\/www.kinaitech.com.ar\/ciberseguridad\/"},{"@type":"ListItem","position":2,"name":"Resilience Strategy"}]}]}},"uagb_featured_image_src":{"full":false,"thumbnail":false,"medium":false,"medium_large":false,"large":false,"1536x1536":false,"2048x2048":false},"uagb_author_info":{"display_name":"Mateo Martinez","author_link":"https:\/\/www.kinaitech.com.ar\/ciberseguridad\/author\/admin\/"},"uagb_comment_info":0,"uagb_excerpt":"Resilience Strategy El \u00e9xito a largo plazo y la competitividad de las organizaciones se ha relacionado con su capacidad para resistir y recuperarse de los cambios e incidentes que puedan ocurrir. Es muy importante trabajar en la planificaci\u00f3n de diversos aspectos que preparen a la organizaci\u00f3n ante cualquier tipo de riesgo que genere peligros mayores&hellip;","_links":{"self":[{"href":"https:\/\/www.kinaitech.com.ar\/ciberseguridad\/wp-json\/wp\/v2\/pages\/486"}],"collection":[{"href":"https:\/\/www.kinaitech.com.ar\/ciberseguridad\/wp-json\/wp\/v2\/pages"}],"about":[{"href":"https:\/\/www.kinaitech.com.ar\/ciberseguridad\/wp-json\/wp\/v2\/types\/page"}],"author":[{"embeddable":true,"href":"https:\/\/www.kinaitech.com.ar\/ciberseguridad\/wp-json\/wp\/v2\/users\/1"}],"replies":[{"embeddable":true,"href":"https:\/\/www.kinaitech.com.ar\/ciberseguridad\/wp-json\/wp\/v2\/comments?post=486"}],"version-history":[{"count":8,"href":"https:\/\/www.kinaitech.com.ar\/ciberseguridad\/wp-json\/wp\/v2\/pages\/486\/revisions"}],"predecessor-version":[{"id":997,"href":"https:\/\/www.kinaitech.com.ar\/ciberseguridad\/wp-json\/wp\/v2\/pages\/486\/revisions\/997"}],"wp:attachment":[{"href":"https:\/\/www.kinaitech.com.ar\/ciberseguridad\/wp-json\/wp\/v2\/media?parent=486"}],"curies":[{"name":"wp","href":"https:\/\/api.w.org\/{rel}","templated":true}]}}