{"id":529,"date":"2020-03-22T23:18:25","date_gmt":"2020-03-22T23:18:25","guid":{"rendered":"http:\/\/www.kinaitech.com.ar\/ciberseguridad\/?page_id=529"},"modified":"2020-10-25T13:53:14","modified_gmt":"2020-10-25T16:53:14","slug":"application-security","status":"publish","type":"page","link":"https:\/\/www.kinaitech.com.ar\/ciberseguridad\/application-security\/","title":{"rendered":"Application Security"},"content":{"rendered":"\n<hr class=\"wp-block-separator\"\/>\n\n\n\n<div class=\"wp-block-media-text alignwide is-stacked-on-mobile is-image-fill\"><figure class=\"wp-block-media-text__media\" style=\"background-image:url(http:\/\/www.kinaitech.com.ar\/ciberseguridad\/wp-content\/uploads\/2020\/05\/business-people-1572059_1920-1024x683.jpg);background-position:50% 50%\"><img loading=\"lazy\" width=\"900\" height=\"600\" src=\"https:\/\/i2.wp.com\/www.kinaitech.com.ar\/ciberseguridad\/wp-content\/uploads\/2020\/05\/business-people-1572059_1920-1024x683.jpg?resize=900%2C600\" alt=\"Centro de an\u00e1lisis.\" class=\"wp-image-657\" srcset=\"https:\/\/i2.wp.com\/www.kinaitech.com.ar\/ciberseguridad\/wp-content\/uploads\/2020\/05\/business-people-1572059_1920.jpg?resize=1024%2C683&amp;ssl=1 1024w, https:\/\/i2.wp.com\/www.kinaitech.com.ar\/ciberseguridad\/wp-content\/uploads\/2020\/05\/business-people-1572059_1920.jpg?resize=300%2C200&amp;ssl=1 300w, https:\/\/i2.wp.com\/www.kinaitech.com.ar\/ciberseguridad\/wp-content\/uploads\/2020\/05\/business-people-1572059_1920.jpg?resize=768%2C512&amp;ssl=1 768w, https:\/\/i2.wp.com\/www.kinaitech.com.ar\/ciberseguridad\/wp-content\/uploads\/2020\/05\/business-people-1572059_1920.jpg?resize=1536%2C1024&amp;ssl=1 1536w, https:\/\/i2.wp.com\/www.kinaitech.com.ar\/ciberseguridad\/wp-content\/uploads\/2020\/05\/business-people-1572059_1920.jpg?w=1920&amp;ssl=1 1920w, https:\/\/i2.wp.com\/www.kinaitech.com.ar\/ciberseguridad\/wp-content\/uploads\/2020\/05\/business-people-1572059_1920.jpg?w=1800&amp;ssl=1 1800w\" sizes=\"(max-width: 900px) 100vw, 900px\" data-recalc-dims=\"1\" \/><\/figure><div class=\"wp-block-media-text__content\">\n<h5><strong><span class=\"has-inline-color has-vivid-red-color\">Application Security Maturity Program<\/span><\/strong><\/h5>\n\n\n\n<p>Aplicamos el framework <a href=\"https:\/\/owasp.org\/www-project-samm\/\" target=\"_blank\" rel=\"noreferrer noopener nofollow\">OWASP SAMM<\/a> con el fin de ayudar a las organizaciones a evaluar, formular e implementar una estrategia para la seguridad del software. Ofrecemos un servicio que le permite medirse y compararse contra el modelo de referencia de las mejores pr\u00e1cticas del mercado.<br>Creamos una estrategia para que pueda incrementar el nivel de madurez de ciberseguridad en su equipo de desarrollo de aplicaciones. Por medio de pol\u00edticas de software seguras, proceso y herramientas de modelado de amenazas, y programas de capacitaci\u00f3n. Incorporando o robusteciendo, gesti\u00f3n de cambios, protecci\u00f3n en el pipeline de <a href=\"https:\/\/es.wikipedia.org\/wiki\/CI\/CD\" target=\"_blank\" rel=\"noreferrer noopener nofollow\">CI\/CD<\/a> completo y todo lo necesario para lograr el nivel de madurez de seguridad de la aplicaci\u00f3n deseada.<\/p>\n<\/div><\/div>\n\n\n\n<hr class=\"wp-block-separator\"\/>\n\n\n\n<div class=\"wp-block-media-text alignwide is-stacked-on-mobile is-image-fill\"><figure class=\"wp-block-media-text__media\" style=\"background-image:url(http:\/\/www.kinaitech.com.ar\/ciberseguridad\/wp-content\/uploads\/2020\/05\/startup-849804_1280-1024x731.jpg);background-position:50% 50%\"><img loading=\"lazy\" width=\"900\" height=\"642\" src=\"https:\/\/i2.wp.com\/www.kinaitech.com.ar\/ciberseguridad\/wp-content\/uploads\/2020\/05\/startup-849804_1280-1024x731.jpg?resize=900%2C642\" alt=\"Completo asesoramiento y servicio de licenciamiento con las mejores soluciones.\" class=\"wp-image-660\" srcset=\"https:\/\/i1.wp.com\/www.kinaitech.com.ar\/ciberseguridad\/wp-content\/uploads\/2020\/05\/startup-849804_1280.jpg?resize=1024%2C731&amp;ssl=1 1024w, https:\/\/i1.wp.com\/www.kinaitech.com.ar\/ciberseguridad\/wp-content\/uploads\/2020\/05\/startup-849804_1280.jpg?resize=300%2C214&amp;ssl=1 300w, https:\/\/i1.wp.com\/www.kinaitech.com.ar\/ciberseguridad\/wp-content\/uploads\/2020\/05\/startup-849804_1280.jpg?resize=768%2C548&amp;ssl=1 768w, https:\/\/i1.wp.com\/www.kinaitech.com.ar\/ciberseguridad\/wp-content\/uploads\/2020\/05\/startup-849804_1280.jpg?w=1280&amp;ssl=1 1280w\" sizes=\"(max-width: 900px) 100vw, 900px\" data-recalc-dims=\"1\" \/><\/figure><div class=\"wp-block-media-text__content\">\n<h5><strong><span class=\"has-inline-color has-vivid-red-color\">Application Security Testing (AST)<\/span><\/strong><\/h5>\n\n\n\n<p>Completo asesoramiento y servicio de licenciamiento con las mejores soluciones para pruebas de seguridad de aplicaciones est\u00e1ticas (SAST &#8211;<em>Static Application Security Testing<\/em>) y pruebas de seguridad de aplicaciones din\u00e1micas (DAST &#8211; <em>Dynamic Application Security Testing<\/em>).  Con las herramientas de Checkmarx y NeuraLegion brindamos soporte completo y servicios profesionales para integrar la seguridad en su pipeline de CD de SDLC y CI. <br>Ofrecemos integraciones nativas con Jenkins, CircleCi, Azure y los IDE m\u00e1s utilizados como Eclipse, IntelliJ o Visual Studio y tambi\u00e9n integraci\u00f3n nativa con github y jira con ambas soluciones. <\/p>\n<\/div><\/div>\n\n\n\n<hr class=\"wp-block-separator\"\/>\n\n\n\n<div class=\"wp-block-media-text alignwide is-stacked-on-mobile is-image-fill\"><figure class=\"wp-block-media-text__media\" style=\"background-image:url(http:\/\/www.kinaitech.com.ar\/ciberseguridad\/wp-content\/uploads\/2020\/05\/startup-593341_1920-1024x683.jpg);background-position:50% 50%\"><img loading=\"lazy\" width=\"900\" height=\"600\" src=\"https:\/\/i1.wp.com\/www.kinaitech.com.ar\/ciberseguridad\/wp-content\/uploads\/2020\/05\/startup-593341_1920-1024x683.jpg?resize=900%2C600\" alt=\"Por medio de nuestro servicio podr\u00e1 remediar las vulnerabilidades de seguridad de aplicaciones.\" class=\"wp-image-661\" srcset=\"https:\/\/i0.wp.com\/www.kinaitech.com.ar\/ciberseguridad\/wp-content\/uploads\/2020\/05\/startup-593341_1920.jpg?resize=1024%2C683&amp;ssl=1 1024w, https:\/\/i0.wp.com\/www.kinaitech.com.ar\/ciberseguridad\/wp-content\/uploads\/2020\/05\/startup-593341_1920.jpg?resize=300%2C200&amp;ssl=1 300w, https:\/\/i0.wp.com\/www.kinaitech.com.ar\/ciberseguridad\/wp-content\/uploads\/2020\/05\/startup-593341_1920.jpg?resize=768%2C512&amp;ssl=1 768w, https:\/\/i0.wp.com\/www.kinaitech.com.ar\/ciberseguridad\/wp-content\/uploads\/2020\/05\/startup-593341_1920.jpg?resize=1536%2C1024&amp;ssl=1 1536w, https:\/\/i0.wp.com\/www.kinaitech.com.ar\/ciberseguridad\/wp-content\/uploads\/2020\/05\/startup-593341_1920.jpg?w=1920&amp;ssl=1 1920w, https:\/\/i0.wp.com\/www.kinaitech.com.ar\/ciberseguridad\/wp-content\/uploads\/2020\/05\/startup-593341_1920.jpg?w=1800&amp;ssl=1 1800w\" sizes=\"(max-width: 900px) 100vw, 900px\" data-recalc-dims=\"1\" \/><\/figure><div class=\"wp-block-media-text__content\">\n<h5><strong><span class=\"has-inline-color has-vivid-red-color\">Remediation Services<\/span><\/strong><\/h5>\n\n\n\n<p>Por medio de nuestro servicio podr\u00e1 remediar las vulnerabilidades de seguridad de aplicaciones. Post escaneos SAST o DAST en entornos de integraci\u00f3n y delivery continuo, con la asistencia de nuestros consultores, podremos ayudarlo a cumplir con los objetivos de correcci\u00f3n que se proponga. <br>Mejore las capacidades y el tiempo de su equipo para corregir los expuestos de seguridad. Aprovechando a nuestros consultores y el Centro de excelencia le ayudaremos a descartar falsos positivos y le proporcionaremos recomendaciones de c\u00f3digo seguro.<\/p>\n<\/div><\/div>\n\n\n\n<hr class=\"wp-block-separator\"\/>\n\n\n\n<div class=\"wp-block-media-text alignwide is-stacked-on-mobile is-image-fill\"><figure class=\"wp-block-media-text__media\" style=\"background-image:url(http:\/\/www.kinaitech.com.ar\/ciberseguridad\/wp-content\/uploads\/2020\/05\/reception-2507752_1920-1024x682.jpg);background-position:50% 50%\"><img loading=\"lazy\" width=\"900\" height=\"599\" src=\"https:\/\/i0.wp.com\/www.kinaitech.com.ar\/ciberseguridad\/wp-content\/uploads\/2020\/05\/reception-2507752_1920-1024x682.jpg?resize=900%2C599\" alt=\"Vemos lo que nadie m\u00e1s ve. \" class=\"wp-image-662\" srcset=\"https:\/\/i2.wp.com\/www.kinaitech.com.ar\/ciberseguridad\/wp-content\/uploads\/2020\/05\/reception-2507752_1920.jpg?resize=1024%2C682&amp;ssl=1 1024w, https:\/\/i2.wp.com\/www.kinaitech.com.ar\/ciberseguridad\/wp-content\/uploads\/2020\/05\/reception-2507752_1920.jpg?resize=300%2C200&amp;ssl=1 300w, https:\/\/i2.wp.com\/www.kinaitech.com.ar\/ciberseguridad\/wp-content\/uploads\/2020\/05\/reception-2507752_1920.jpg?resize=768%2C512&amp;ssl=1 768w, https:\/\/i2.wp.com\/www.kinaitech.com.ar\/ciberseguridad\/wp-content\/uploads\/2020\/05\/reception-2507752_1920.jpg?resize=1536%2C1023&amp;ssl=1 1536w, https:\/\/i2.wp.com\/www.kinaitech.com.ar\/ciberseguridad\/wp-content\/uploads\/2020\/05\/reception-2507752_1920.jpg?w=1920&amp;ssl=1 1920w, https:\/\/i2.wp.com\/www.kinaitech.com.ar\/ciberseguridad\/wp-content\/uploads\/2020\/05\/reception-2507752_1920.jpg?w=1800&amp;ssl=1 1800w\" sizes=\"(max-width: 900px) 100vw, 900px\" data-recalc-dims=\"1\" \/><\/figure><div class=\"wp-block-media-text__content\">\n<h5><span class=\"has-inline-color has-vivid-red-color\"><strong>Ethical Hacking<\/strong> <strong>and Penetration Testing Services <\/strong><\/span><\/h5>\n\n\n\n<p>Vemos lo que nadie m\u00e1s ve. <br>Analizamos la seguridad de sus aplicaciones con una visi\u00f3n 100% ofensiva. <br>Pruebas de penetraci\u00f3n de aplicaciones web (Web Application Penetration Testing), pruebas de seguridad de API (API Security Testing), pruebas de penetraci\u00f3n de aplicaciones m\u00f3viles (Mobile Application Penetration Testing) y auditor\u00edas de infraestructura de TI. Servicios de ingenier\u00eda social. <a aria-label=\"undefined (abre en una nueva pesta\u00f1a)\" rel=\"noreferrer noopener nofollow\" href=\"https:\/\/es.wikipedia.org\/wiki\/Red_team\" target=\"_blank\">Red Team<\/a> y servicio de  Threat Hunting.<\/p>\n<\/div><\/div>\n\n\n\n<hr class=\"wp-block-separator\"\/>\n\n\n\n<p><\/p>\n","protected":false},"excerpt":{"rendered":"<p>Application Security Maturity Program Aplicamos el framework OWASP SAMM con el fin de ayudar a las organizaciones a evaluar, formular e implementar una estrategia para la seguridad del software. Ofrecemos un servicio que le permite medirse y compararse contra el modelo de referencia de las mejores pr\u00e1cticas del mercado.Creamos una estrategia para que pueda incrementar [&hellip;]<\/p>\n","protected":false},"author":1,"featured_media":0,"parent":0,"menu_order":0,"comment_status":"closed","ping_status":"closed","template":"","meta":{"spay_email":""},"yoast_head":"<!-- This site is optimized with the Yoast SEO plugin v17.3 - https:\/\/yoast.com\/wordpress\/plugins\/seo\/ -->\n<title>Application Security - KINAITECH | Ciberseguridad<\/title>\n<meta name=\"description\" content=\"Application Security consiste en un servicio de revisi\u00f3n de c\u00f3digo que se integra en el ciclo de vida de desarrollo.\" \/>\n<meta name=\"robots\" content=\"index, follow, max-snippet:-1, max-image-preview:large, max-video-preview:-1\" \/>\n<link rel=\"canonical\" href=\"https:\/\/www.kinaitech.com.ar\/ciberseguridad\/application-security\/\" \/>\n<meta property=\"og:locale\" content=\"es_ES\" \/>\n<meta property=\"og:type\" content=\"article\" \/>\n<meta property=\"og:title\" content=\"Application Security - KINAITECH | Ciberseguridad\" \/>\n<meta property=\"og:description\" content=\"Application Security consiste en un servicio de revisi\u00f3n de c\u00f3digo que se integra en el ciclo de vida de desarrollo.\" \/>\n<meta property=\"og:url\" content=\"https:\/\/www.kinaitech.com.ar\/ciberseguridad\/application-security\/\" \/>\n<meta property=\"og:site_name\" content=\"KINAITECH | Ciberseguridad\" \/>\n<meta property=\"article:modified_time\" content=\"2020-10-25T16:53:14+00:00\" \/>\n<meta property=\"og:image\" content=\"http:\/\/www.kinaitech.com.ar\/ciberseguridad\/wp-content\/uploads\/2020\/05\/business-people-1572059_1920-1024x683.jpg\" \/>\n<meta name=\"twitter:card\" content=\"summary_large_image\" \/>\n<meta name=\"twitter:label1\" content=\"Tiempo de lectura\" \/>\n\t<meta name=\"twitter:data1\" content=\"2 minutos\" \/>\n<script type=\"application\/ld+json\" class=\"yoast-schema-graph\">{\"@context\":\"https:\/\/schema.org\",\"@graph\":[{\"@type\":\"WebSite\",\"@id\":\"https:\/\/www.kinaitech.com.ar\/ciberseguridad\/#website\",\"url\":\"https:\/\/www.kinaitech.com.ar\/ciberseguridad\/\",\"name\":\"KINAITECH | Ciberseguridad\",\"description\":\"Ethical Hacking, Application Security and Trainings through a partner networks across Latin America and Caribbean\",\"potentialAction\":[{\"@type\":\"SearchAction\",\"target\":{\"@type\":\"EntryPoint\",\"urlTemplate\":\"https:\/\/www.kinaitech.com.ar\/ciberseguridad\/?s={search_term_string}\"},\"query-input\":\"required name=search_term_string\"}],\"inLanguage\":\"es\"},{\"@type\":\"ImageObject\",\"@id\":\"https:\/\/www.kinaitech.com.ar\/ciberseguridad\/application-security\/#primaryimage\",\"inLanguage\":\"es\",\"url\":\"http:\/\/www.kinaitech.com.ar\/ciberseguridad\/wp-content\/uploads\/2020\/05\/business-people-1572059_1920-1024x683.jpg\",\"contentUrl\":\"http:\/\/www.kinaitech.com.ar\/ciberseguridad\/wp-content\/uploads\/2020\/05\/business-people-1572059_1920-1024x683.jpg\"},{\"@type\":\"WebPage\",\"@id\":\"https:\/\/www.kinaitech.com.ar\/ciberseguridad\/application-security\/#webpage\",\"url\":\"https:\/\/www.kinaitech.com.ar\/ciberseguridad\/application-security\/\",\"name\":\"Application Security - KINAITECH | Ciberseguridad\",\"isPartOf\":{\"@id\":\"https:\/\/www.kinaitech.com.ar\/ciberseguridad\/#website\"},\"primaryImageOfPage\":{\"@id\":\"https:\/\/www.kinaitech.com.ar\/ciberseguridad\/application-security\/#primaryimage\"},\"datePublished\":\"2020-03-22T23:18:25+00:00\",\"dateModified\":\"2020-10-25T16:53:14+00:00\",\"description\":\"Application Security consiste en un servicio de revisi\\u00f3n de c\\u00f3digo que se integra en el ciclo de vida de desarrollo.\",\"breadcrumb\":{\"@id\":\"https:\/\/www.kinaitech.com.ar\/ciberseguridad\/application-security\/#breadcrumb\"},\"inLanguage\":\"es\",\"potentialAction\":[{\"@type\":\"ReadAction\",\"target\":[\"https:\/\/www.kinaitech.com.ar\/ciberseguridad\/application-security\/\"]}]},{\"@type\":\"BreadcrumbList\",\"@id\":\"https:\/\/www.kinaitech.com.ar\/ciberseguridad\/application-security\/#breadcrumb\",\"itemListElement\":[{\"@type\":\"ListItem\",\"position\":1,\"name\":\"Home\",\"item\":\"https:\/\/www.kinaitech.com.ar\/ciberseguridad\/\"},{\"@type\":\"ListItem\",\"position\":2,\"name\":\"Application Security\"}]}]}<\/script>\n<!-- \/ Yoast SEO plugin. -->","yoast_head_json":{"title":"Application Security - KINAITECH | Ciberseguridad","description":"Application Security consiste en un servicio de revisi\u00f3n de c\u00f3digo que se integra en el ciclo de vida de desarrollo.","robots":{"index":"index","follow":"follow","max-snippet":"max-snippet:-1","max-image-preview":"max-image-preview:large","max-video-preview":"max-video-preview:-1"},"canonical":"https:\/\/www.kinaitech.com.ar\/ciberseguridad\/application-security\/","og_locale":"es_ES","og_type":"article","og_title":"Application Security - KINAITECH | Ciberseguridad","og_description":"Application Security consiste en un servicio de revisi\u00f3n de c\u00f3digo que se integra en el ciclo de vida de desarrollo.","og_url":"https:\/\/www.kinaitech.com.ar\/ciberseguridad\/application-security\/","og_site_name":"KINAITECH | Ciberseguridad","article_modified_time":"2020-10-25T16:53:14+00:00","og_image":[{"url":"http:\/\/www.kinaitech.com.ar\/ciberseguridad\/wp-content\/uploads\/2020\/05\/business-people-1572059_1920-1024x683.jpg"}],"twitter_card":"summary_large_image","twitter_misc":{"Tiempo de lectura":"2 minutos"},"schema":{"@context":"https:\/\/schema.org","@graph":[{"@type":"WebSite","@id":"https:\/\/www.kinaitech.com.ar\/ciberseguridad\/#website","url":"https:\/\/www.kinaitech.com.ar\/ciberseguridad\/","name":"KINAITECH | Ciberseguridad","description":"Ethical Hacking, Application Security and Trainings through a partner networks across Latin America and Caribbean","potentialAction":[{"@type":"SearchAction","target":{"@type":"EntryPoint","urlTemplate":"https:\/\/www.kinaitech.com.ar\/ciberseguridad\/?s={search_term_string}"},"query-input":"required name=search_term_string"}],"inLanguage":"es"},{"@type":"ImageObject","@id":"https:\/\/www.kinaitech.com.ar\/ciberseguridad\/application-security\/#primaryimage","inLanguage":"es","url":"http:\/\/www.kinaitech.com.ar\/ciberseguridad\/wp-content\/uploads\/2020\/05\/business-people-1572059_1920-1024x683.jpg","contentUrl":"http:\/\/www.kinaitech.com.ar\/ciberseguridad\/wp-content\/uploads\/2020\/05\/business-people-1572059_1920-1024x683.jpg"},{"@type":"WebPage","@id":"https:\/\/www.kinaitech.com.ar\/ciberseguridad\/application-security\/#webpage","url":"https:\/\/www.kinaitech.com.ar\/ciberseguridad\/application-security\/","name":"Application Security - KINAITECH | Ciberseguridad","isPartOf":{"@id":"https:\/\/www.kinaitech.com.ar\/ciberseguridad\/#website"},"primaryImageOfPage":{"@id":"https:\/\/www.kinaitech.com.ar\/ciberseguridad\/application-security\/#primaryimage"},"datePublished":"2020-03-22T23:18:25+00:00","dateModified":"2020-10-25T16:53:14+00:00","description":"Application Security consiste en un servicio de revisi\u00f3n de c\u00f3digo que se integra en el ciclo de vida de desarrollo.","breadcrumb":{"@id":"https:\/\/www.kinaitech.com.ar\/ciberseguridad\/application-security\/#breadcrumb"},"inLanguage":"es","potentialAction":[{"@type":"ReadAction","target":["https:\/\/www.kinaitech.com.ar\/ciberseguridad\/application-security\/"]}]},{"@type":"BreadcrumbList","@id":"https:\/\/www.kinaitech.com.ar\/ciberseguridad\/application-security\/#breadcrumb","itemListElement":[{"@type":"ListItem","position":1,"name":"Home","item":"https:\/\/www.kinaitech.com.ar\/ciberseguridad\/"},{"@type":"ListItem","position":2,"name":"Application Security"}]}]}},"uagb_featured_image_src":{"full":false,"thumbnail":false,"medium":false,"medium_large":false,"large":false,"1536x1536":false,"2048x2048":false},"uagb_author_info":{"display_name":"Mateo Martinez","author_link":"https:\/\/www.kinaitech.com.ar\/ciberseguridad\/author\/admin\/"},"uagb_comment_info":0,"uagb_excerpt":"Application Security Maturity Program Aplicamos el framework OWASP SAMM con el fin de ayudar a las organizaciones a evaluar, formular e implementar una estrategia para la seguridad del software. Ofrecemos un servicio que le permite medirse y compararse contra el modelo de referencia de las mejores pr\u00e1cticas del mercado.Creamos una estrategia para que pueda incrementar&hellip;","_links":{"self":[{"href":"https:\/\/www.kinaitech.com.ar\/ciberseguridad\/wp-json\/wp\/v2\/pages\/529"}],"collection":[{"href":"https:\/\/www.kinaitech.com.ar\/ciberseguridad\/wp-json\/wp\/v2\/pages"}],"about":[{"href":"https:\/\/www.kinaitech.com.ar\/ciberseguridad\/wp-json\/wp\/v2\/types\/page"}],"author":[{"embeddable":true,"href":"https:\/\/www.kinaitech.com.ar\/ciberseguridad\/wp-json\/wp\/v2\/users\/1"}],"replies":[{"embeddable":true,"href":"https:\/\/www.kinaitech.com.ar\/ciberseguridad\/wp-json\/wp\/v2\/comments?post=529"}],"version-history":[{"count":33,"href":"https:\/\/www.kinaitech.com.ar\/ciberseguridad\/wp-json\/wp\/v2\/pages\/529\/revisions"}],"predecessor-version":[{"id":1017,"href":"https:\/\/www.kinaitech.com.ar\/ciberseguridad\/wp-json\/wp\/v2\/pages\/529\/revisions\/1017"}],"wp:attachment":[{"href":"https:\/\/www.kinaitech.com.ar\/ciberseguridad\/wp-json\/wp\/v2\/media?parent=529"}],"curies":[{"name":"wp","href":"https:\/\/api.w.org\/{rel}","templated":true}]}}