{"id":715,"date":"2021-03-07T16:09:39","date_gmt":"2021-03-07T19:09:39","guid":{"rendered":"https:\/\/www.kinaitech.com.ar\/?page_id=715"},"modified":"2021-03-09T15:59:28","modified_gmt":"2021-03-09T18:59:28","slug":"seguridad-internet-edge-akamai","status":"publish","type":"page","link":"https:\/\/www.kinaitech.com.ar\/ciberseguridad\/seguridad-internet-edge-akamai\/","title":{"rendered":"Akamai: Soluciones de seguridad empresarial en el borde de Internet"},"content":{"rendered":"\n<div class=\"wp-block-image\"><figure class=\"alignright size-large is-resized\"><img loading=\"lazy\" src=\"https:\/\/i0.wp.com\/www.kinaitech.com.ar\/wp-content\/uploads\/2021\/02\/Logo-Akamai.jpg?resize=302%2C125&#038;ssl=1\" alt=\"AKAMAI\nExperience the Edge\" class=\"wp-image-716\" width=\"302\" height=\"125\" data-recalc-dims=\"1\" \/><\/figure><\/div>\n\n\n\n<p>El mundo digitalizado ha generado un nuevo entorno de funcionamiento. Por lo tanto los datos y aplicaciones empresarias se distribuyen entre centros de c\u00f3mputo propios y m\u00faltiples proveedores de nube. Permitiendo as\u00ed que los usuarios (empleados, proveedores, partners) acceden en forma remota y desde m\u00faltiples dispositivos haciendo de Internet la red empresaria de hoy. <\/p>\n\n\n\n<p>El <em>\u201cEdge&#8221;<\/em> o borde de Internet, es donde se conectan los usuario, se experimenta la vida digital y conviven nubes, dispositivos y tr\u00e1fico de datos. Es all\u00ed donde se desarrollar\u00e1n las capacidades de obtener ventajas competitivas.<\/p>\n\n\n\n<p><a href=\"https:\/\/www.akamai.com\/es\/es\/\" target=\"_blank\" rel=\"noreferrer noopener nofollow\">Akamai<\/a> es la \u00fanica plataforma de seguridad inteligente ubicada en el  borde de Internet (EDGE), con una red de m\u00e1s de 300.000 nodos distribuidos globalmente.<\/p>\n\n\n\n<hr class=\"wp-block-separator\"\/>\n\n\n\n<div style=\"height:33px\" aria-hidden=\"true\" class=\"wp-block-spacer\"><\/div>\n\n\n\n<h2>Proteja sus aplicaciones y APIs en Internet con Akamai<\/h2>\n\n\n\n<p>Ya sea que las mismas est\u00e1n desplegadas en centros de computo propios o en la nube p\u00fablica. Por medio de los servicios de Akamai podemos brindar la soluci\u00f3n de seguridad que mejor se adapta a su necesidad. <\/p>\n\n\n\n<div class=\"wp-block-columns\">\n<div class=\"wp-block-column\">\n<div class=\"wp-block-group\"><div class=\"wp-block-group__inner-container\">\n<div class=\"wp-block-image\"><figure class=\"alignright size-large is-resized\"><img loading=\"lazy\" src=\"https:\/\/i1.wp.com\/www.kinaitech.com.ar\/Kinai2.0\/wp-content\/uploads\/2021\/02\/DDoS2.jpg?resize=250%2C200\" alt=\"DDOS ATTACK\" class=\"wp-image-38\" width=\"250\" height=\"200\" data-recalc-dims=\"1\" \/><\/figure><\/div>\n\n\n\n<h3>DDoS: <\/h3>\n\n\n\n<p>Los ataques distribuidos de denegaci\u00f3n de servicio comprenden desde ataques peque\u00f1os y sofisticados, hasta otros de gran envergadura que consumen un gran ancho de banda de sus recursos. Por eso las interrupciones de la actividad son costosas y requieren una mitigaci\u00f3n r\u00e1pida y eficaz. Si desea proteger su Data Center de un ataque de <a href=\"https:\/\/es.wikipedia.org\/wiki\/Ataque_de_denegaci%C3%B3n_de_servicio\" target=\"_blank\" rel=\"noreferrer noopener nofollow\">DDoS<\/a>. Sobre todo, recomendamos Prolexic.<\/p>\n\n\n\n<div class=\"wp-block-buttons alignleft\">\n<div class=\"wp-block-button\"><a class=\"wp-block-button__link has-vivid-red-background-color has-background\" href=\"https:\/\/www.akamai.com\/es\/es\/products\/security\/prolexic-solutions.jsp\" target=\"_blank\" rel=\"noreferrer noopener\">Ver m\u00e1s sobre Akamai Prolexis Routed<\/a><\/div>\n<\/div>\n<\/div><\/div>\n\n\n\n<div style=\"height:15px\" aria-hidden=\"true\" class=\"wp-block-spacer\"><\/div>\n\n\n\n<div class=\"wp-block-group\"><div class=\"wp-block-group__inner-container\">\n<div class=\"wp-block-image\"><figure class=\"alignleft size-large is-resized\"><img loading=\"lazy\" src=\"https:\/\/i1.wp.com\/www.kinaitech.com.ar\/Kinai2.0\/wp-content\/uploads\/2021\/02\/waf-1.jpg?resize=200%2C250\" alt=\"WAF\" class=\"wp-image-25\" width=\"200\" height=\"250\" data-recalc-dims=\"1\" \/><\/figure><\/div>\n\n\n\n<h3>WAF: <\/h3>\n\n\n\n<p>Proteja sus aplicaciones y APIs ante los ataques m\u00e1s grandes y sofisticados con un firewall de aplicaciones web y protecci\u00f3n contra DDoS en el borde de Internet.<\/p>\n\n\n\n<p>Contamos con dos alternativas a fin de proporciona seguridad para las aplicaciones en el Edge, m\u00e1s cerca de los atacantes y m\u00e1s lejos de sus aplicaciones. En primer lugar recomendamos <a href=\"https:\/\/www.akamai.com\/es\/es\/products\/security\/kona-site-defender.jsp#ksd-overview\" target=\"_blank\" rel=\"noreferrer noopener sponsored nofollow\">Kona Site Defender<\/a> que le ayuda a proteger todas sus aplicaciones con una \u00fanica soluci\u00f3n f\u00e1cil de gestionar. Tanto si se despliegan en un entorno local como en varios proveedores de servicios en la nube, ya sean sitios web tradicionales o API web, o si tiene una sola aplicaci\u00f3n o cientos de ellas. En segundo lugar y como alternativa, tambi\u00e9n podemos ofrecer <a href=\"https:\/\/www.akamai.com\/es\/es\/products\/security\/web-application-protector-enterprise-waf-firewall-ddos-protection.jsp\" target=\"_blank\" rel=\"noreferrer noopener sponsored nofollow\">Web Application Protector (WAP)<\/a>. Brindando seguridad de manera sencilla y potente para las aplicaciones web.<\/p>\n\n\n\n<div class=\"wp-block-buttons alignright\">\n<div class=\"wp-block-button\"><a class=\"wp-block-button__link has-vivid-red-background-color has-background\" href=\"https:\/\/www.akamai.com\/es\/es\/products\/security\/kona-site-defender.jsp\" target=\"_blank\" rel=\"noreferrer noopener\">Ver m\u00e1s sobre Akamai Kona Site Defender<\/a><\/div>\n<\/div>\n<\/div><\/div>\n<\/div>\n<\/div>\n\n\n\n<hr class=\"wp-block-separator\"\/>\n\n\n\n<div style=\"height:50px\" aria-hidden=\"true\" class=\"wp-block-spacer\"><\/div>\n\n\n\n<h2>Detenga el abuso de credenciales con Akamai<\/h2>\n\n\n\n<p>Proteja los accesos, la experiencia del cliente y los datos personales ante los bots malignos y el fraude.<\/p>\n\n\n\n<div class=\"wp-block-columns\">\n<div class=\"wp-block-column\">\n<div class=\"wp-block-group\"><div class=\"wp-block-group__inner-container\">\n<div class=\"wp-block-image\"><figure class=\"alignright size-large is-resized\"><img loading=\"lazy\" src=\"https:\/\/i1.wp.com\/www.kinaitech.com.ar\/Kinai2.0\/wp-content\/uploads\/2021\/02\/bots.jpg?resize=250%2C250\" alt=\"Gesti\u00f3n de BOTS\" class=\"wp-image-34\" width=\"250\" height=\"250\" data-recalc-dims=\"1\" \/><\/figure><\/div>\n\n\n\n<h3>Gesti\u00f3n de BOTS: <\/h3>\n\n\n\n<p>No todos los bots se crean de la misma forma: algunos son \u00fatiles, la mayor\u00eda son molestos y otros da\u00f1an su negocio al hacerse con cuentas y provocar fraudes. Para detener los bots m\u00e1s sofisticados que evolucionan sin cesar y son utilizados para la automatizaci\u00f3n de intentos de accesos con cuentas robadas (<a href=\"https:\/\/es.wikipedia.org\/wiki\/Credential_stuffing\" target=\"_blank\" rel=\"noreferrer noopener nofollow\">Credential Stuffing<\/a>) evadiendo las tecnolog\u00edas de detecci\u00f3n actuales, es necesario aplicar un enfoque nuevo e innovador de Gesti\u00f3n de Bots en el borde de Internet, manteniendo la amenaza lejos de su negocio.<\/p>\n\n\n\n<p><a href=\"https:\/\/www.akamai.com\/es\/es\/products\/security\/bot-manager.jsp\" target=\"_blank\" rel=\"noreferrer noopener sponsored nofollow\">Bot Manager<\/a> ofrece detecci\u00f3n avanzada de bots para detectar y evitar las amenazas m\u00e1s evasivas. Y al mismo tiempo evite el &#8220;<a href=\"https:\/\/es.wikipedia.org\/wiki\/Web_scraping\" target=\"_blank\" rel=\"noreferrer noopener nofollow\">scraping<\/a>&#8221; de su sitio web y descargue tanto el tr\u00e1fico de bots como los recursos operativos necesarios para identificarlo y gestionarlo.<\/p>\n\n\n\n<div class=\"wp-block-buttons alignright\">\n<div class=\"wp-block-button\"><a class=\"wp-block-button__link has-vivid-red-background-color has-background\" href=\"https:\/\/www.akamai.com\/es\/es\/products\/security\/bot-manager.jsp\" target=\"_blank\" rel=\"noreferrer noopener\">Ver m\u00e1s sobre Akamai Bot Manager<\/a><\/div>\n<\/div>\n<\/div><\/div>\n\n\n\n<div style=\"height:15px\" aria-hidden=\"true\" class=\"wp-block-spacer\"><\/div>\n\n\n\n<div class=\"wp-block-group\"><div class=\"wp-block-group__inner-container\">\n<div class=\"wp-block-image\"><figure class=\"alignleft size-large is-resized\"><img loading=\"lazy\" src=\"https:\/\/i0.wp.com\/www.kinaitech.com.ar\/Kinai2.0\/wp-content\/uploads\/2021\/02\/identity.png?resize=204%2C204\" alt=\"Gesti\u00f3n de Identidades\" class=\"wp-image-37\" width=\"204\" height=\"204\" data-recalc-dims=\"1\" \/><\/figure><\/div>\n\n\n\n<h3>Gesti\u00f3n de Identidades: <\/h3>\n\n\n\n<p><a href=\"https:\/\/www.akamai.com\/es\/es\/products\/security\/identity-cloud.jsp\" target=\"_blank\" rel=\"noreferrer noopener sponsored nofollow\">Identity Cloud<\/a> es un servicio <a href=\"https:\/\/es.wikipedia.org\/wiki\/Software_como_servicio\" target=\"_blank\" rel=\"noreferrer noopener nofollow\">SaaS<\/a> para la gesti\u00f3n simplificada de identidades y acceso (CIAM por sus siglas en ingl\u00e9s derivadas de <em>&#8220;Customer Identity and Access Management&#8221;<\/em>), para crear experiencias de clientes perfectas y personalizadas sin comprometer la seguridad. En primer lugar es de destacar que se trata de una soluci\u00f3n Cloud nativa, dise\u00f1ada para interactuar con gran escala de clientes, que incluye registro personalizable, autenticaci\u00f3n con <em>&#8220;Single Sign On&#8221;<\/em>, y adem\u00e1s permite gesti\u00f3n de preferencias y consentimiento. Por \u00faltimo es de destacar que se integra f\u00e1cilmente en los ecosistema de tecnolog\u00edas de marketing, dando cumplimiento de las normativas de privacidad sin sacrificar la experiencia del cliente.<\/p>\n\n\n\n<div class=\"wp-block-buttons alignright\">\n<div class=\"wp-block-button\"><a class=\"wp-block-button__link has-vivid-red-background-color has-background\" href=\"https:\/\/www.akamai.com\/es\/es\/products\/security\/identity-cloud.jsp\" target=\"_blank\" rel=\"noreferrer noopener\">Ver m\u00e1s sobre Akamai Identity Cloud<\/a><\/div>\n<\/div>\n<\/div><\/div>\n\n\n\n<div style=\"height:15px\" aria-hidden=\"true\" class=\"wp-block-spacer\"><\/div>\n\n\n\n<div class=\"wp-block-group\"><div class=\"wp-block-group__inner-container\">\n<div class=\"wp-block-image\"><figure class=\"alignright size-large is-resized\"><img loading=\"lazy\" src=\"https:\/\/i2.wp.com\/www.kinaitech.com.ar\/Kinai2.0\/wp-content\/uploads\/2021\/02\/reputation.jpg?resize=250%2C170\" alt=\"Reputaci\u00f3n del Cliente\" class=\"wp-image-35\" width=\"250\" height=\"170\" data-recalc-dims=\"1\" \/><\/figure><\/div>\n\n\n\n<h3>Reputaci\u00f3n del Cliente: <\/h3>\n\n\n\n<p>Una capa de protecci\u00f3n adicional que asigna una puntuaci\u00f3n de reputaci\u00f3n a cada Direcci\u00f3n IP con respecto a los posibles riesgos que plantea para cada cliente, lo que ayuda a optimizar las decisiones de seguridad.<\/p>\n\n\n\n<p><a href=\"https:\/\/www.akamai.com\/es\/es\/products\/security\/client-reputation.jsp\" target=\"_blank\" rel=\"noreferrer noopener sponsored nofollow\">Client Reputation<\/a>, por medio del control que sigue Akamai del comportamiento anterior de las direcciones IP individuales y compartidas, est\u00e1 dise\u00f1ado para detener a los clientes maliciosos antes de que puedan lanzar un ataque.<\/p>\n\n\n\n<div class=\"wp-block-buttons alignright\">\n<div class=\"wp-block-button\"><a class=\"wp-block-button__link has-vivid-red-background-color has-background\" href=\"https:\/\/www.akamai.com\/es\/es\/products\/security\/client-reputation.jsp\" target=\"_blank\" rel=\"noreferrer noopener\">Ver m\u00e1s sobre Akamai Client Reputation<\/a><\/div>\n<\/div>\n<\/div><\/div>\n<\/div>\n<\/div>\n\n\n\n<hr class=\"wp-block-separator\"\/>\n\n\n\n<div style=\"height:50px\" aria-hidden=\"true\" class=\"wp-block-spacer\"><\/div>\n\n\n\n<h2>Adopte un modelo Zero Trust con Akamai<\/h2>\n\n\n\n<p>Controle el acceso a las aplicaciones corporativas y proteja a los usuarios ante amenazas dirigidas.<\/p>\n\n\n\n<div class=\"wp-block-columns\">\n<div class=\"wp-block-column\">\n<div class=\"wp-block-group\"><div class=\"wp-block-group__inner-container\">\n<div class=\"wp-block-image\"><figure class=\"alignleft size-large is-resized\"><img loading=\"lazy\" src=\"https:\/\/i0.wp.com\/www.kinaitech.com.ar\/Kinai2.0\/wp-content\/uploads\/2021\/02\/zero-trust.png?resize=250%2C250\" alt=\"Zero Trust\" class=\"wp-image-40\" width=\"250\" height=\"250\" data-recalc-dims=\"1\" \/><\/figure><\/div>\n\n\n\n<h3>Acceso a las aplicaciones: <em>Seguro, sencillo, r\u00e1pido<\/em>.<\/h3>\n\n\n\n<p class=\"has-text-align-left\"><a href=\"https:\/\/www.akamai.com\/es\/es\/multimedia\/documents\/product-brief\/enterprise-application-access-product-brief.pdf\" target=\"_blank\" rel=\"noreferrer noopener sponsored nofollow\">Enterprise Application Access (EAA)<\/a> es una exclusiva arquitectura de nube que cierra todos los puertos de entrada del firewall, al tiempo que garantiza que solo acceden los dispositivos y usuarios autorizados, \u00fanicamente a las aplicaciones internas que necesiten y no a toda la red. <\/p>\n\n\n\n<p>Con EAA su empresa podr\u00e1 desplazar las VPN tradicionales y tendr\u00e1 acceso seguro a las aplicaciones en la nube as\u00ed como a aplicaciones remotas y de terceros.<\/p>\n\n\n\n<p class=\"has-text-align-left\">Integra en un \u00fanico servicio: <strong>Protecci\u00f3n de trafico de datos + Inicio de sesi\u00f3n \u00fanico + Acceso por identidades + Seguridad de las aplicaciones + Gesti\u00f3n de visibilidad + Control.<\/strong><\/p>\n\n\n\n<div class=\"wp-block-buttons alignright\">\n<div class=\"wp-block-button\"><a class=\"wp-block-button__link has-vivid-red-background-color has-background\" href=\"https:\/\/www.akamai.com\/es\/es\/products\/security\/enterprise-application-access.jsp\" target=\"_blank\" rel=\"noreferrer noopener\">Ver m\u00e1s sobre Akamai Enterprise Application Access<\/a><\/div>\n<\/div>\n<\/div><\/div>\n\n\n\n<div style=\"height:15px\" aria-hidden=\"true\" class=\"wp-block-spacer\"><\/div>\n\n\n\n<div class=\"wp-block-group\"><div class=\"wp-block-group__inner-container\">\n<div class=\"wp-block-image\"><figure class=\"alignright size-large is-resized\"><img loading=\"lazy\" src=\"https:\/\/i2.wp.com\/www.kinaitech.com.ar\/Kinai2.0\/wp-content\/uploads\/2021\/02\/eaa.png?resize=204%2C204\" alt=\"Enterprise Thread Protector\n\" class=\"wp-image-39\" width=\"204\" height=\"204\" data-recalc-dims=\"1\" \/><\/figure><\/div>\n\n\n\n<h3>Protecci\u00f3n contra phishing y malware (0 day): <\/h3>\n\n\n\n<p>Con un gateway de acceso seguro a Internet basado en la nube los equipos de seguridad de su empresa pueden garantizar que usuarios y dispositivos se conecten a Internet de forma segura, est\u00e9n donde est\u00e9n y sin las complejidades asociadas a otros enfoques tradicionales y basados en dispositivos.<\/p>\n\n\n\n<p><a href=\"https:\/\/www.akamai.com\/es\/es\/multimedia\/documents\/product-brief\/enterprise-threat-protector-product-brief.pdf\" target=\"_blank\" rel=\"noreferrer noopener sponsored nofollow\">Enterprise Threat Protector (ETP)<\/a> de Akamai est\u00e1 soportada en una red global distribuida en el Edge (borde de Internet) que identifica, bloquea y mitiga en forma proactiva amenazas espec\u00edficas como malware, ransomware, phishing, exfiltraciones de datos de DNS y ataques avanzados de d\u00eda cero.<\/p>\n\n\n\n<p>Mejore r\u00e1pidamente su postura de seguridad. Proteja las conexiones de acceso directo a Internet tanto de su sede central como oficinas y acceso hogare\u00f1o de sus empleados. Y garantice de forma sencilla la ejecuci\u00f3n de pol\u00edticas de uso aceptable en todas sus redes corporativas y de invitados para proteger tanto su marca como a sus usuarios.<\/p>\n\n\n\n<div class=\"wp-block-buttons alignright\">\n<div class=\"wp-block-button\"><a class=\"wp-block-button__link has-vivid-red-background-color has-background\" href=\"https:\/\/www.akamai.com\/es\/es\/products\/security\/enterprise-threat-protector.jsp\" target=\"_blank\" rel=\"noreferrer noopener\">Ver m\u00e1s sobre Enterprise Threar Protector<\/a><\/div>\n<\/div>\n<\/div><\/div>\n<\/div>\n<\/div>\n\n\n\n<hr class=\"wp-block-separator\"\/>\n\n\n\n<p class=\"has-text-align-center\">Conozca tambi\u00e9n las soluciones de <strong>aceleraci\u00f3n y performance en Internet<\/strong> que podemos brindarle con AKAMAI.<br>Siga el link <a href=\"https:\/\/www.kinaitech.com.ar\/aceleracion-y-performance-con-akamai\/\" target=\"_blank\" rel=\"noreferrer noopener\">aqu\u00ed.<\/a><\/p>\n","protected":false},"excerpt":{"rendered":"<p>El mundo digitalizado ha generado un nuevo entorno de funcionamiento. Por lo tanto los datos y aplicaciones empresarias se distribuyen entre centros de c\u00f3mputo propios y m\u00faltiples proveedores de nube. Permitiendo as\u00ed que los usuarios (empleados, proveedores, partners) acceden en forma remota y desde m\u00faltiples dispositivos haciendo de Internet la red empresaria de hoy. El [&hellip;]<\/p>\n","protected":false},"author":4,"featured_media":716,"parent":0,"menu_order":0,"comment_status":"closed","ping_status":"closed","template":"","meta":{"spay_email":""},"yoast_head":"<!-- This site is optimized with the Yoast SEO plugin v17.3 - https:\/\/yoast.com\/wordpress\/plugins\/seo\/ -->\n<title>Akamai: Soluciones de seguridad empresarial en el borde de Internet - KINAITECH | Ciberseguridad<\/title>\n<meta name=\"description\" content=\"Akamai es la \u00fanica plataforma de seguridad inteligente ubicada en el borde de Internet (EDGE), con una red de m\u00e1s de 300.000 nodos distribuidos globalmente.\" \/>\n<meta name=\"robots\" content=\"index, follow, max-snippet:-1, max-image-preview:large, max-video-preview:-1\" \/>\n<link rel=\"canonical\" href=\"https:\/\/www.kinaitech.com.ar\/ciberseguridad\/seguridad-internet-edge-akamai\/\" \/>\n<meta property=\"og:locale\" content=\"es_ES\" \/>\n<meta property=\"og:type\" content=\"article\" \/>\n<meta property=\"og:title\" content=\"Akamai: Soluciones de seguridad empresarial en el borde de Internet - KINAITECH | Ciberseguridad\" \/>\n<meta property=\"og:description\" content=\"Akamai es la \u00fanica plataforma de seguridad inteligente ubicada en el borde de Internet (EDGE), con una red de m\u00e1s de 300.000 nodos distribuidos globalmente.\" \/>\n<meta property=\"og:url\" content=\"https:\/\/www.kinaitech.com.ar\/ciberseguridad\/seguridad-internet-edge-akamai\/\" \/>\n<meta property=\"og:site_name\" content=\"KINAITECH | Ciberseguridad\" \/>\n<meta property=\"article:modified_time\" content=\"2021-03-09T18:59:28+00:00\" \/>\n<meta name=\"twitter:card\" content=\"summary_large_image\" \/>\n<meta name=\"twitter:label1\" content=\"Tiempo de lectura\" \/>\n\t<meta name=\"twitter:data1\" content=\"7 minutos\" \/>\n<script type=\"application\/ld+json\" class=\"yoast-schema-graph\">{\"@context\":\"https:\/\/schema.org\",\"@graph\":[{\"@type\":\"WebSite\",\"@id\":\"https:\/\/www.kinaitech.com.ar\/ciberseguridad\/#website\",\"url\":\"https:\/\/www.kinaitech.com.ar\/ciberseguridad\/\",\"name\":\"KINAITECH | Ciberseguridad\",\"description\":\"Ethical Hacking, Application Security and Trainings through a partner networks across Latin America and Caribbean\",\"potentialAction\":[{\"@type\":\"SearchAction\",\"target\":{\"@type\":\"EntryPoint\",\"urlTemplate\":\"https:\/\/www.kinaitech.com.ar\/ciberseguridad\/?s={search_term_string}\"},\"query-input\":\"required name=search_term_string\"}],\"inLanguage\":\"es\"},{\"@type\":\"ImageObject\",\"@id\":\"https:\/\/www.kinaitech.com.ar\/ciberseguridad\/seguridad-internet-edge-akamai\/#primaryimage\",\"inLanguage\":\"es\",\"url\":\"\",\"contentUrl\":\"\"},{\"@type\":\"WebPage\",\"@id\":\"https:\/\/www.kinaitech.com.ar\/ciberseguridad\/seguridad-internet-edge-akamai\/#webpage\",\"url\":\"https:\/\/www.kinaitech.com.ar\/ciberseguridad\/seguridad-internet-edge-akamai\/\",\"name\":\"Akamai: Soluciones de seguridad empresarial en el borde de Internet - KINAITECH | Ciberseguridad\",\"isPartOf\":{\"@id\":\"https:\/\/www.kinaitech.com.ar\/ciberseguridad\/#website\"},\"primaryImageOfPage\":{\"@id\":\"https:\/\/www.kinaitech.com.ar\/ciberseguridad\/seguridad-internet-edge-akamai\/#primaryimage\"},\"datePublished\":\"2021-03-07T19:09:39+00:00\",\"dateModified\":\"2021-03-09T18:59:28+00:00\",\"description\":\"Akamai es la \\u00fanica plataforma de seguridad inteligente ubicada en el borde de Internet (EDGE), con una red de m\\u00e1s de 300.000 nodos distribuidos globalmente.\",\"breadcrumb\":{\"@id\":\"https:\/\/www.kinaitech.com.ar\/ciberseguridad\/seguridad-internet-edge-akamai\/#breadcrumb\"},\"inLanguage\":\"es\",\"potentialAction\":[{\"@type\":\"ReadAction\",\"target\":[\"https:\/\/www.kinaitech.com.ar\/ciberseguridad\/seguridad-internet-edge-akamai\/\"]}]},{\"@type\":\"BreadcrumbList\",\"@id\":\"https:\/\/www.kinaitech.com.ar\/ciberseguridad\/seguridad-internet-edge-akamai\/#breadcrumb\",\"itemListElement\":[{\"@type\":\"ListItem\",\"position\":1,\"name\":\"Home\",\"item\":\"https:\/\/www.kinaitech.com.ar\/ciberseguridad\/\"},{\"@type\":\"ListItem\",\"position\":2,\"name\":\"Akamai: Soluciones de seguridad empresarial en el borde de Internet\"}]}]}<\/script>\n<!-- \/ Yoast SEO plugin. -->","yoast_head_json":{"title":"Akamai: Soluciones de seguridad empresarial en el borde de Internet - KINAITECH | Ciberseguridad","description":"Akamai es la \u00fanica plataforma de seguridad inteligente ubicada en el borde de Internet (EDGE), con una red de m\u00e1s de 300.000 nodos distribuidos globalmente.","robots":{"index":"index","follow":"follow","max-snippet":"max-snippet:-1","max-image-preview":"max-image-preview:large","max-video-preview":"max-video-preview:-1"},"canonical":"https:\/\/www.kinaitech.com.ar\/ciberseguridad\/seguridad-internet-edge-akamai\/","og_locale":"es_ES","og_type":"article","og_title":"Akamai: Soluciones de seguridad empresarial en el borde de Internet - KINAITECH | Ciberseguridad","og_description":"Akamai es la \u00fanica plataforma de seguridad inteligente ubicada en el borde de Internet (EDGE), con una red de m\u00e1s de 300.000 nodos distribuidos globalmente.","og_url":"https:\/\/www.kinaitech.com.ar\/ciberseguridad\/seguridad-internet-edge-akamai\/","og_site_name":"KINAITECH | Ciberseguridad","article_modified_time":"2021-03-09T18:59:28+00:00","twitter_card":"summary_large_image","twitter_misc":{"Tiempo de lectura":"7 minutos"},"schema":{"@context":"https:\/\/schema.org","@graph":[{"@type":"WebSite","@id":"https:\/\/www.kinaitech.com.ar\/ciberseguridad\/#website","url":"https:\/\/www.kinaitech.com.ar\/ciberseguridad\/","name":"KINAITECH | Ciberseguridad","description":"Ethical Hacking, Application Security and Trainings through a partner networks across Latin America and Caribbean","potentialAction":[{"@type":"SearchAction","target":{"@type":"EntryPoint","urlTemplate":"https:\/\/www.kinaitech.com.ar\/ciberseguridad\/?s={search_term_string}"},"query-input":"required name=search_term_string"}],"inLanguage":"es"},{"@type":"ImageObject","@id":"https:\/\/www.kinaitech.com.ar\/ciberseguridad\/seguridad-internet-edge-akamai\/#primaryimage","inLanguage":"es","url":"","contentUrl":""},{"@type":"WebPage","@id":"https:\/\/www.kinaitech.com.ar\/ciberseguridad\/seguridad-internet-edge-akamai\/#webpage","url":"https:\/\/www.kinaitech.com.ar\/ciberseguridad\/seguridad-internet-edge-akamai\/","name":"Akamai: Soluciones de seguridad empresarial en el borde de Internet - KINAITECH | Ciberseguridad","isPartOf":{"@id":"https:\/\/www.kinaitech.com.ar\/ciberseguridad\/#website"},"primaryImageOfPage":{"@id":"https:\/\/www.kinaitech.com.ar\/ciberseguridad\/seguridad-internet-edge-akamai\/#primaryimage"},"datePublished":"2021-03-07T19:09:39+00:00","dateModified":"2021-03-09T18:59:28+00:00","description":"Akamai es la \u00fanica plataforma de seguridad inteligente ubicada en el borde de Internet (EDGE), con una red de m\u00e1s de 300.000 nodos distribuidos globalmente.","breadcrumb":{"@id":"https:\/\/www.kinaitech.com.ar\/ciberseguridad\/seguridad-internet-edge-akamai\/#breadcrumb"},"inLanguage":"es","potentialAction":[{"@type":"ReadAction","target":["https:\/\/www.kinaitech.com.ar\/ciberseguridad\/seguridad-internet-edge-akamai\/"]}]},{"@type":"BreadcrumbList","@id":"https:\/\/www.kinaitech.com.ar\/ciberseguridad\/seguridad-internet-edge-akamai\/#breadcrumb","itemListElement":[{"@type":"ListItem","position":1,"name":"Home","item":"https:\/\/www.kinaitech.com.ar\/ciberseguridad\/"},{"@type":"ListItem","position":2,"name":"Akamai: Soluciones de seguridad empresarial en el borde de Internet"}]}]}},"uagb_featured_image_src":{"full":false,"thumbnail":false,"medium":false,"medium_large":false,"large":false,"1536x1536":false,"2048x2048":false},"uagb_author_info":{"display_name":"Ignacio Orzanco","author_link":"https:\/\/www.kinaitech.com.ar\/ciberseguridad\/author\/pichimahuida\/"},"uagb_comment_info":0,"uagb_excerpt":"El mundo digitalizado ha generado un nuevo entorno de funcionamiento. Por lo tanto los datos y aplicaciones empresarias se distribuyen entre centros de c\u00f3mputo propios y m\u00faltiples proveedores de nube. Permitiendo as\u00ed que los usuarios (empleados, proveedores, partners) acceden en forma remota y desde m\u00faltiples dispositivos haciendo de Internet la red empresaria de hoy. El&hellip;","_links":{"self":[{"href":"https:\/\/www.kinaitech.com.ar\/ciberseguridad\/wp-json\/wp\/v2\/pages\/715"}],"collection":[{"href":"https:\/\/www.kinaitech.com.ar\/ciberseguridad\/wp-json\/wp\/v2\/pages"}],"about":[{"href":"https:\/\/www.kinaitech.com.ar\/ciberseguridad\/wp-json\/wp\/v2\/types\/page"}],"author":[{"embeddable":true,"href":"https:\/\/www.kinaitech.com.ar\/ciberseguridad\/wp-json\/wp\/v2\/users\/4"}],"replies":[{"embeddable":true,"href":"https:\/\/www.kinaitech.com.ar\/ciberseguridad\/wp-json\/wp\/v2\/comments?post=715"}],"version-history":[{"count":13,"href":"https:\/\/www.kinaitech.com.ar\/ciberseguridad\/wp-json\/wp\/v2\/pages\/715\/revisions"}],"predecessor-version":[{"id":1046,"href":"https:\/\/www.kinaitech.com.ar\/ciberseguridad\/wp-json\/wp\/v2\/pages\/715\/revisions\/1046"}],"wp:featuredmedia":[{"embeddable":true,"href":"https:\/\/www.kinaitech.com.ar\/ciberseguridad\/wp-json\/wp\/v2\/media\/716"}],"wp:attachment":[{"href":"https:\/\/www.kinaitech.com.ar\/ciberseguridad\/wp-json\/wp\/v2\/media?parent=715"}],"curies":[{"name":"wp","href":"https:\/\/api.w.org\/{rel}","templated":true}]}}